{"id":420,"date":"2023-05-10T08:32:13","date_gmt":"2023-05-10T06:32:13","guid":{"rendered":"https:\/\/twinsolar.eu\/?page_id=420"},"modified":"2023-08-08T17:23:06","modified_gmt":"2023-08-08T15:23:06","slug":"contact","status":"publish","type":"page","link":"https:\/\/twinsolar.eu\/en\/contact\/","title":{"rendered":"Contact"},"content":{"rendered":"\t\t<div data-elementor-type=\"wp-page\" data-elementor-id=\"420\" class=\"elementor elementor-420\">\n\t\t\t\t\t\t<section class=\"elementor-section elementor-top-section elementor-element elementor-element-64b16d9b0 elementor-section-height-min-height elementor-section-items-bottom elementor-section-boxed elementor-section-height-default\" data-id=\"64b16d9b0\" data-element_type=\"section\" data-settings=\"{&quot;background_background&quot;:&quot;classic&quot;}\">\n\t\t\t\t\t\t\t<div class=\"elementor-background-overlay\"><\/div>\n\t\t\t\t\t\t\t<div class=\"elementor-container elementor-column-gap-default\">\n\t\t\t\t\t<div class=\"elementor-column elementor-col-100 elementor-top-column elementor-element elementor-element-fe30734\" data-id=\"fe30734\" data-element_type=\"column\">\n\t\t\t<div class=\"elementor-widget-wrap elementor-element-populated\">\n\t\t\t\t\t\t<div class=\"elementor-element elementor-element-3510e86 elementor-widget elementor-widget-heading\" data-id=\"3510e86\" data-element_type=\"widget\" data-widget_type=\"heading.default\">\n\t\t\t\t<div class=\"elementor-widget-container\">\n\t\t\t<style>\/*! elementor - v3.19.0 - 07-02-2024 *\/\n.elementor-heading-title{padding:0;margin:0;line-height:1}.elementor-widget-heading .elementor-heading-title[class*=elementor-size-]>a{color:inherit;font-size:inherit;line-height:inherit}.elementor-widget-heading .elementor-heading-title.elementor-size-small{font-size:15px}.elementor-widget-heading .elementor-heading-title.elementor-size-medium{font-size:19px}.elementor-widget-heading .elementor-heading-title.elementor-size-large{font-size:29px}.elementor-widget-heading .elementor-heading-title.elementor-size-xl{font-size:39px}.elementor-widget-heading .elementor-heading-title.elementor-size-xxl{font-size:59px}<\/style><h2 class=\"elementor-heading-title elementor-size-default\">Contact<\/h2>\t\t<\/div>\n\t\t\t\t<\/div>\n\t\t\t\t\t<\/div>\n\t\t<\/div>\n\t\t\t\t\t<\/div>\n\t\t<\/section>\n\t\t\t\t<section class=\"elementor-section elementor-top-section elementor-element elementor-element-4b5d4ce4 elementor-section-boxed elementor-section-height-default elementor-section-height-default\" data-id=\"4b5d4ce4\" data-element_type=\"section\">\n\t\t\t\t\t\t<div class=\"elementor-container elementor-column-gap-wide\">\n\t\t\t\t\t<div class=\"elementor-column elementor-col-50 elementor-top-column elementor-element elementor-element-11c69450\" data-id=\"11c69450\" data-element_type=\"column\">\n\t\t\t<div class=\"elementor-widget-wrap elementor-element-populated\">\n\t\t\t\t\t\t<div class=\"elementor-element elementor-element-f7a0bb3 elementor-widget__width-initial elementor-widget elementor-widget-elementskit-heading\" data-id=\"f7a0bb3\" data-element_type=\"widget\" data-widget_type=\"elementskit-heading.default\">\n\t\t\t\t<div class=\"elementor-widget-container\">\n\t\t\t<div class=\"ekit-wid-con\" ><div class=\"ekit-heading elementskit-section-title-wraper text_left   ekit_heading_tablet-   ekit_heading_mobile-\"><h2 class=\"ekit-heading--title elementskit-section-title \">Project coordinator<\/h2><\/div><\/div>\t\t<\/div>\n\t\t\t\t<\/div>\n\t\t\t\t<div class=\"elementor-element elementor-element-398bd19 elementor-position-left elementor-view-default elementor-vertical-align-top elementor-widget elementor-widget-icon-box\" data-id=\"398bd19\" data-element_type=\"widget\" data-widget_type=\"icon-box.default\">\n\t\t\t\t<div class=\"elementor-widget-container\">\n\t\t\t<link rel=\"stylesheet\" href=\"https:\/\/twinsolar.eu\/wp-content\/plugins\/elementor\/assets\/css\/widget-icon-box.min.css\">\t\t<div class=\"elementor-icon-box-wrapper\">\n\t\t\t\t\t\t<div class=\"elementor-icon-box-icon\">\n\t\t\t\t<a href=\"https:\/\/www.univ-reunion.fr\" target=\"_blank\" download=\"\" class=\"elementor-icon elementor-animation-\" tabindex=\"-1\">\n\t\t\t\t<i aria-hidden=\"true\" class=\"fas fa-map-marker-alt\"><\/i>\t\t\t\t<\/a>\n\t\t\t<\/div>\n\t\t\t\t\t\t<div class=\"elementor-icon-box-content\">\n\t\t\t\t<h3 class=\"elementor-icon-box-title\">\n\t\t\t\t\t<a href=\"https:\/\/www.univ-reunion.fr\" target=\"_blank\" download=\"\" >\n\t\t\t\t\t\tUniversit\u00e9 de la R\u00e9union\t\t\t\t\t<\/a>\n\t\t\t\t<\/h3>\n\t\t\t\t\t\t\t\t\t<p class=\"elementor-icon-box-description\">\n\t\t\t\t\t\tLaboratoire PIMENT<br>\n120, Avenue Raymond Barre<br>\n97430, LE TAMPON<br>\nLA REUNION\t\t\t\t\t<\/p>\n\t\t\t\t\t\t\t<\/div>\n\t\t<\/div>\n\t\t\t\t<\/div>\n\t\t\t\t<\/div>\n\t\t\t\t<div class=\"elementor-element elementor-element-768681c8 elementor-position-left elementor-mobile-position-left elementor-view-default elementor-vertical-align-top elementor-widget elementor-widget-icon-box\" data-id=\"768681c8\" data-element_type=\"widget\" data-widget_type=\"icon-box.default\">\n\t\t\t\t<div class=\"elementor-widget-container\">\n\t\t\t\t\t<div class=\"elementor-icon-box-wrapper\">\n\t\t\t\t\t\t<div class=\"elementor-icon-box-icon\">\n\t\t\t\t<span  class=\"elementor-icon elementor-animation-\">\n\t\t\t\t<i aria-hidden=\"true\" class=\"fas fa-phone-alt\"><\/i>\t\t\t\t<\/span>\n\t\t\t<\/div>\n\t\t\t\t\t\t<div class=\"elementor-icon-box-content\">\n\t\t\t\t<h3 class=\"elementor-icon-box-title\">\n\t\t\t\t\t<span  >\n\t\t\t\t\t\t+262 (0)262 57 92 45\t\t\t\t\t<\/span>\n\t\t\t\t<\/h3>\n\t\t\t\t\t\t\t<\/div>\n\t\t<\/div>\n\t\t\t\t<\/div>\n\t\t\t\t<\/div>\n\t\t\t\t<div class=\"elementor-element elementor-element-f5eb723 elementor-widget elementor-widget-google_maps\" data-id=\"f5eb723\" data-element_type=\"widget\" data-widget_type=\"google_maps.default\">\n\t\t\t\t<div class=\"elementor-widget-container\">\n\t\t\t<style>\/*! elementor - v3.19.0 - 07-02-2024 *\/\n.elementor-widget-google_maps .elementor-widget-container{overflow:hidden}.elementor-widget-google_maps .elementor-custom-embed{line-height:0}.elementor-widget-google_maps iframe{height:300px}<\/style>\t\t<div class=\"elementor-custom-embed\">\n\t\t\t<iframe loading=\"lazy\"\n\t\t\t\t\tsrc=\"https:\/\/maps.google.com\/maps?q=Universit%C3%A9%20de%20La%20R%C3%A9union%2C%20120%20avenue%20Raymond%20Barre%2C%2097430%20Le%20Tampon%2C%20La%20R%C3%A9union&#038;t=m&#038;z=11&#038;output=embed&#038;iwloc=near\"\n\t\t\t\t\ttitle=\"Universit\u00e9 de La R\u00e9union, 120 avenue Raymond Barre, 97430 Le Tampon, La R\u00e9union\"\n\t\t\t\t\taria-label=\"Universit\u00e9 de La R\u00e9union, 120 avenue Raymond Barre, 97430 Le Tampon, La R\u00e9union\"\n\t\t\t><\/iframe>\n\t\t<\/div>\n\t\t\t\t<\/div>\n\t\t\t\t<\/div>\n\t\t\t\t\t<\/div>\n\t\t<\/div>\n\t\t\t\t<div class=\"elementor-column elementor-col-50 elementor-top-column elementor-element elementor-element-341cc07\" data-id=\"341cc07\" data-element_type=\"column\" data-settings=\"{&quot;background_background&quot;:&quot;classic&quot;}\">\n\t\t\t<div class=\"elementor-widget-wrap elementor-element-populated\">\n\t\t\t\t\t\t<div class=\"elementor-element elementor-element-9a2207a ekit_wpForms_container-form-button-custom elementor-widget elementor-widget-elementskit-wp-forms\" data-id=\"9a2207a\" data-element_type=\"widget\" data-widget_type=\"elementskit-wp-forms.default\">\n\t\t\t\t<div class=\"elementor-widget-container\">\n\t\t\t<div class=\"ekit-wid-con ekit_wpForms_container\"><div class=\"wpforms-container wpforms-container-full\" id=\"wpforms-482\"><form id=\"wpforms-form-482\" class=\"wpforms-validate wpforms-form wpforms-ajax-form\" data-formid=\"482\" method=\"post\" enctype=\"multipart\/form-data\" action=\"\/en\/wp-json\/wp\/v2\/pages\/420\" data-token=\"db03a6c29a22b7c74814730a32c09a5e\" data-token-time=\"1776198007\"><noscript class=\"wpforms-error-noscript\">Please enable JavaScript in your browser to complete this form.<\/noscript><div class=\"wpforms-field-container\"><div id=\"wpforms-482-field_0-container\" class=\"wpforms-field wpforms-field-name\" data-field-id=\"0\"><label class=\"wpforms-field-label\" for=\"wpforms-482-field_0\">Name <span class=\"wpforms-required-label\">*<\/span><\/label><div class=\"wpforms-field-row wpforms-field-medium\"><div class=\"wpforms-field-row-block wpforms-first wpforms-one-half\"><input type=\"text\" id=\"wpforms-482-field_0\" class=\"wpforms-field-name-first wpforms-field-required\" name=\"wpforms[fields][0][first]\" required><label for=\"wpforms-482-field_0\" class=\"wpforms-field-sublabel after\">First<\/label><\/div><div class=\"wpforms-field-row-block wpforms-one-half\"><input type=\"text\" id=\"wpforms-482-field_0-last\" class=\"wpforms-field-name-last wpforms-field-required\" name=\"wpforms[fields][0][last]\" required><label for=\"wpforms-482-field_0-last\" class=\"wpforms-field-sublabel after\">Last<\/label><\/div><\/div><\/div><div id=\"wpforms-482-field_1-container\" class=\"wpforms-field wpforms-field-email\" data-field-id=\"1\"><label class=\"wpforms-field-label\" for=\"wpforms-482-field_1\">E-mail <span class=\"wpforms-required-label\">*<\/span><\/label><input type=\"email\" id=\"wpforms-482-field_1\" class=\"wpforms-field-medium wpforms-field-required\" name=\"wpforms[fields][1]\" spellcheck=\"false\" required><\/div><div id=\"wpforms-482-field_2-container\" class=\"wpforms-field wpforms-field-textarea\" data-field-id=\"2\"><label class=\"wpforms-field-label\" for=\"wpforms-482-field_2\">Comment or message<\/label><textarea id=\"wpforms-482-field_2\" class=\"wpforms-field-medium\" name=\"wpforms[fields][2]\" ><\/textarea><\/div><div id=\"wpforms-482-field_3-container\" class=\"wpforms-field wpforms-field-checkbox\" data-field-id=\"3\"><ul id=\"wpforms-482-field_3\" class=\"wpforms-field-required\"><li class=\"choice-1 depth-1\"><input type=\"checkbox\" id=\"wpforms-482-field_3_1\" name=\"wpforms[fields][3][]\" value=\"By submitting this form, I agree that this site may store the information I have sent in order to respond to my request.\" required ><label class=\"wpforms-field-label-inline\" for=\"wpforms-482-field_3_1\">By submitting this form, I agree that this site may store the information I have sent in order to respond to my request.<\/label><\/li><\/ul><\/div><\/div><!-- .wpforms-field-container --><div class=\"wpforms-submit-container\" ><input type=\"hidden\" name=\"wpforms[id]\" value=\"482\"><input type=\"hidden\" name=\"page_title\" value=\"\"><input type=\"hidden\" name=\"page_url\" value=\"https:\/\/twinsolar.eu\/en\/wp-json\/wp\/v2\/pages\/420\"><button type=\"submit\" name=\"wpforms[submit]\" id=\"wpforms-submit-482\" class=\"wpforms-submit\" data-alt-text=\"Sending...\" data-submit-text=\"Send\" aria-live=\"assertive\" value=\"wpforms-submit\">Send<\/button><img decoding=\"async\" src=\"https:\/\/twinsolar.eu\/wp-content\/plugins\/wpforms-lite\/assets\/images\/submit-spin.svg\" class=\"wpforms-submit-spinner\" style=\"display: none;\" width=\"26\" height=\"26\" alt=\"Loading\"><\/div><\/form><\/div>  <!-- .wpforms-container --><\/div>\t\t<\/div>\n\t\t\t\t<\/div>\n\t\t\t\t\t<\/div>\n\t\t<\/div>\n\t\t\t\t\t<\/div>\n\t\t<\/section>\n\t\t\t\t<\/div>\n\t\t","protected":false},"excerpt":{"rendered":"<p>Contact Project coordinator Universit\u00e9 de la R\u00e9union Laboratoire PIMENT 120, Avenue Raymond Barre 97430, LE TAMPON LA REUNION +262 (0)262 57 92 45 Veuillez activer JavaScript dans votre navigateur pour [&hellip;]<\/p>\n","protected":false},"author":12,"featured_media":0,"parent":0,"menu_order":0,"comment_status":"closed","ping_status":"closed","template":"","meta":{"_tec_requires_first_save":true,"om_disable_all_campaigns":false,"_monsterinsights_skip_tracking":false,"_monsterinsights_sitenote_active":false,"_monsterinsights_sitenote_note":"","_monsterinsights_sitenote_category":0,"_uf_show_specific_survey":0,"_uf_disable_surveys":false,"_EventAllDay":false,"_EventTimezone":"","_EventStartDate":"","_EventEndDate":"","_EventStartDateUTC":"","_EventEndDateUTC":"","_EventShowMap":false,"_EventShowMapLink":false,"_EventURL":"","_EventCost":"","_EventCostDescription":"","_EventCurrencySymbol":"","_EventCurrencyCode":"","_EventCurrencyPosition":"","_EventDateTimeSeparator":"","_EventTimeRangeSeparator":"","_EventOrganizerID":[],"_EventVenueID":[],"_OrganizerEmail":"","_OrganizerPhone":"","_OrganizerWebsite":"","_VenueAddress":"","_VenueCity":"","_VenueCountry":"","_VenueProvince":"","_VenueState":"","_VenueZip":"","_VenuePhone":"","_VenueURL":"","_VenueStateProvince":"","_VenueLat":"","_VenueLng":"","_VenueShowMap":false,"_VenueShowMapLink":false,"_tribe_blocks_recurrence_rules":"","_tribe_blocks_recurrence_description":"","_tribe_blocks_recurrence_exclusions":""},"aioseo_notices":[],"yoast_head":"<!-- This site is optimized with the Yoast SEO plugin v21.5 - https:\/\/yoast.com\/wordpress\/plugins\/seo\/ -->\n<title>Contact - Twinsolar<\/title>\n<meta name=\"robots\" content=\"index, follow, max-snippet:-1, max-image-preview:large, max-video-preview:-1\" \/>\n<link rel=\"canonical\" href=\"https:\/\/twinsolar.eu\/en\/contact\/\" \/>\n<meta property=\"og:locale\" content=\"en_GB\" \/>\n<meta property=\"og:type\" content=\"article\" \/>\n<meta property=\"og:title\" content=\"Contact - Twinsolar\" \/>\n<meta property=\"og:description\" content=\"Contact Project coordinator Universit\u00e9 de la R\u00e9union Laboratoire PIMENT 120, Avenue Raymond Barre 97430, LE TAMPON LA REUNION +262 (0)262 57 92 45 Veuillez activer JavaScript dans votre navigateur pour [&hellip;]\" \/>\n<meta property=\"og:url\" content=\"https:\/\/twinsolar.eu\/en\/contact\/\" \/>\n<meta property=\"og:site_name\" content=\"Twinsolar\" \/>\n<meta property=\"article:modified_time\" content=\"2023-08-08T15:23:06+00:00\" \/>\n<meta property=\"og:image\" content=\"https:\/\/twinsolar.eu\/wp-content\/plugins\/wpforms-lite\/assets\/images\/submit-spin.svg\" \/>\n<meta name=\"twitter:card\" content=\"summary_large_image\" \/>\n<meta name=\"twitter:site\" content=\"@TwInSolar_HE\" \/>\n<script type=\"application\/ld+json\" class=\"yoast-schema-graph\">{\"@context\":\"https:\/\/schema.org\",\"@graph\":[{\"@type\":\"WebPage\",\"@id\":\"https:\/\/twinsolar.eu\/en\/contact\/\",\"url\":\"https:\/\/twinsolar.eu\/en\/contact\/\",\"name\":\"Contact - Twinsolar\",\"isPartOf\":{\"@id\":\"https:\/\/twinsolar.eu\/fr\/#website\"},\"datePublished\":\"2023-05-10T06:32:13+00:00\",\"dateModified\":\"2023-08-08T15:23:06+00:00\",\"breadcrumb\":{\"@id\":\"https:\/\/twinsolar.eu\/en\/contact\/#breadcrumb\"},\"inLanguage\":\"en-GB\",\"potentialAction\":[{\"@type\":\"ReadAction\",\"target\":[\"https:\/\/twinsolar.eu\/en\/contact\/\"]}]},{\"@type\":\"BreadcrumbList\",\"@id\":\"https:\/\/twinsolar.eu\/en\/contact\/#breadcrumb\",\"itemListElement\":[{\"@type\":\"ListItem\",\"position\":1,\"name\":\"Accueil\",\"item\":\"https:\/\/twinsolar.eu\/en\/\"},{\"@type\":\"ListItem\",\"position\":2,\"name\":\"Contact\"}]},{\"@type\":\"WebSite\",\"@id\":\"https:\/\/twinsolar.eu\/fr\/#website\",\"url\":\"https:\/\/twinsolar.eu\/fr\/\",\"name\":\"Twinsolar\",\"description\":\"\",\"publisher\":{\"@id\":\"https:\/\/twinsolar.eu\/fr\/#organization\"},\"potentialAction\":[{\"@type\":\"SearchAction\",\"target\":{\"@type\":\"EntryPoint\",\"urlTemplate\":\"https:\/\/twinsolar.eu\/fr\/?s={search_term_string}\"},\"query-input\":\"required name=search_term_string\"}],\"inLanguage\":\"en-GB\"},{\"@type\":\"Organization\",\"@id\":\"https:\/\/twinsolar.eu\/fr\/#organization\",\"name\":\"Twinsolar\",\"url\":\"https:\/\/twinsolar.eu\/fr\/\",\"logo\":{\"@type\":\"ImageObject\",\"inLanguage\":\"en-GB\",\"@id\":\"https:\/\/twinsolar.eu\/fr\/#\/schema\/logo\/image\/\",\"url\":\"https:\/\/twinsolar.eu\/wp-content\/uploads\/2023\/05\/cropped-Favicon-twinsolar.png\",\"contentUrl\":\"https:\/\/twinsolar.eu\/wp-content\/uploads\/2023\/05\/cropped-Favicon-twinsolar.png\",\"width\":512,\"height\":512,\"caption\":\"Twinsolar\"},\"image\":{\"@id\":\"https:\/\/twinsolar.eu\/fr\/#\/schema\/logo\/image\/\"},\"sameAs\":[\"https:\/\/twitter.com\/TwInSolar_HE\"]}]}<\/script>\n<!-- \/ Yoast SEO plugin. -->","yoast_head_json":{"title":"Contact - Twinsolar","robots":{"index":"index","follow":"follow","max-snippet":"max-snippet:-1","max-image-preview":"max-image-preview:large","max-video-preview":"max-video-preview:-1"},"canonical":"https:\/\/twinsolar.eu\/en\/contact\/","og_locale":"en_GB","og_type":"article","og_title":"Contact - Twinsolar","og_description":"Contact Project coordinator Universit\u00e9 de la R\u00e9union Laboratoire PIMENT 120, Avenue Raymond Barre 97430, LE TAMPON LA REUNION +262 (0)262 57 92 45 Veuillez activer JavaScript dans votre navigateur pour [&hellip;]","og_url":"https:\/\/twinsolar.eu\/en\/contact\/","og_site_name":"Twinsolar","article_modified_time":"2023-08-08T15:23:06+00:00","og_image":[{"url":"https:\/\/twinsolar.eu\/wp-content\/plugins\/wpforms-lite\/assets\/images\/submit-spin.svg"}],"twitter_card":"summary_large_image","twitter_site":"@TwInSolar_HE","schema":{"@context":"https:\/\/schema.org","@graph":[{"@type":"WebPage","@id":"https:\/\/twinsolar.eu\/en\/contact\/","url":"https:\/\/twinsolar.eu\/en\/contact\/","name":"Contact - Twinsolar","isPartOf":{"@id":"https:\/\/twinsolar.eu\/fr\/#website"},"datePublished":"2023-05-10T06:32:13+00:00","dateModified":"2023-08-08T15:23:06+00:00","breadcrumb":{"@id":"https:\/\/twinsolar.eu\/en\/contact\/#breadcrumb"},"inLanguage":"en-GB","potentialAction":[{"@type":"ReadAction","target":["https:\/\/twinsolar.eu\/en\/contact\/"]}]},{"@type":"BreadcrumbList","@id":"https:\/\/twinsolar.eu\/en\/contact\/#breadcrumb","itemListElement":[{"@type":"ListItem","position":1,"name":"Accueil","item":"https:\/\/twinsolar.eu\/en\/"},{"@type":"ListItem","position":2,"name":"Contact"}]},{"@type":"WebSite","@id":"https:\/\/twinsolar.eu\/fr\/#website","url":"https:\/\/twinsolar.eu\/fr\/","name":"Twinsolar","description":"","publisher":{"@id":"https:\/\/twinsolar.eu\/fr\/#organization"},"potentialAction":[{"@type":"SearchAction","target":{"@type":"EntryPoint","urlTemplate":"https:\/\/twinsolar.eu\/fr\/?s={search_term_string}"},"query-input":"required name=search_term_string"}],"inLanguage":"en-GB"},{"@type":"Organization","@id":"https:\/\/twinsolar.eu\/fr\/#organization","name":"Twinsolar","url":"https:\/\/twinsolar.eu\/fr\/","logo":{"@type":"ImageObject","inLanguage":"en-GB","@id":"https:\/\/twinsolar.eu\/fr\/#\/schema\/logo\/image\/","url":"https:\/\/twinsolar.eu\/wp-content\/uploads\/2023\/05\/cropped-Favicon-twinsolar.png","contentUrl":"https:\/\/twinsolar.eu\/wp-content\/uploads\/2023\/05\/cropped-Favicon-twinsolar.png","width":512,"height":512,"caption":"Twinsolar"},"image":{"@id":"https:\/\/twinsolar.eu\/fr\/#\/schema\/logo\/image\/"},"sameAs":["https:\/\/twitter.com\/TwInSolar_HE"]}]}},"_links":{"self":[{"href":"https:\/\/twinsolar.eu\/en\/wp-json\/wp\/v2\/pages\/420"}],"collection":[{"href":"https:\/\/twinsolar.eu\/en\/wp-json\/wp\/v2\/pages"}],"about":[{"href":"https:\/\/twinsolar.eu\/en\/wp-json\/wp\/v2\/types\/page"}],"author":[{"embeddable":true,"href":"https:\/\/twinsolar.eu\/en\/wp-json\/wp\/v2\/users\/12"}],"replies":[{"embeddable":true,"href":"https:\/\/twinsolar.eu\/en\/wp-json\/wp\/v2\/comments?post=420"}],"version-history":[{"count":88,"href":"https:\/\/twinsolar.eu\/en\/wp-json\/wp\/v2\/pages\/420\/revisions"}],"predecessor-version":[{"id":1448,"href":"https:\/\/twinsolar.eu\/en\/wp-json\/wp\/v2\/pages\/420\/revisions\/1448"}],"wp:attachment":[{"href":"https:\/\/twinsolar.eu\/en\/wp-json\/wp\/v2\/media?parent=420"}],"curies":[{"name":"wp","href":"https:\/\/api.w.org\/{rel}","templated":true}]}}