{"id":1221,"date":"2023-07-04T06:50:18","date_gmt":"2023-07-04T04:50:18","guid":{"rendered":"https:\/\/twinsolar.eu\/?page_id=1221"},"modified":"2023-09-01T12:23:12","modified_gmt":"2023-09-01T10:23:12","slug":"twinning-activities","status":"publish","type":"page","link":"https:\/\/twinsolar.eu\/fr\/twinning-activities\/","title":{"rendered":"Activit\u00e9s de jumelage"},"content":{"rendered":"<div data-elementor-type=\"wp-page\" data-elementor-id=\"1221\" class=\"elementor elementor-1221\">\n\t\t\t\t\t\t<section class=\"elementor-section elementor-top-section elementor-element elementor-element-fd04f5e elementor-section-boxed elementor-section-height-default elementor-section-height-default\" data-id=\"fd04f5e\" data-element_type=\"section\">\n\t\t\t\t\t\t<div class=\"elementor-container elementor-column-gap-default\">\n\t\t\t\t\t<div class=\"elementor-column elementor-col-100 elementor-top-column elementor-element elementor-element-6a0a69c\" data-id=\"6a0a69c\" data-element_type=\"column\">\n\t\t\t<div class=\"elementor-widget-wrap elementor-element-populated\">\n\t\t\t\t\t\t<div class=\"elementor-element elementor-element-19ffb52 elementor-widget elementor-widget-elementskit-heading\" data-id=\"19ffb52\" data-element_type=\"widget\" data-widget_type=\"elementskit-heading.default\">\n\t\t\t\t<div class=\"elementor-widget-container\">\n\t\t\t<div class=\"ekit-wid-con\" ><div class=\"ekit-heading elementskit-section-title-wraper text_center   ekit_heading_tablet-   ekit_heading_mobile-\"><h2 class=\"ekit-heading--title elementskit-section-title\">Activit\u00e9s de jumelage <\/h2>\t\t\t\t<div class='ekit-heading__description'>\n\t\t\t\t\t<p>Les activit\u00e9s de jumelage sont un \u00e9l\u00e9ment cl\u00e9 du projet, avec 3 groupes de travail d\u00e9di\u00e9s.\u00a0<\/p>\n<p>Diverses manifestations sont organis\u00e9es pour faciliter cet \u00e9change r\u00e9ciproque :\u00a0<\/p>\n\t\t\t\t<\/div>\n\t\t\t<\/div><\/div>\t\t<\/div>\n\t\t\t\t<\/div>\n\t\t\t\t<section class=\"elementor-section elementor-inner-section elementor-element elementor-element-e1d7cab elementor-section-boxed elementor-section-height-default elementor-section-height-default\" data-id=\"e1d7cab\" data-element_type=\"section\">\n\t\t\t\t\t\t<div class=\"elementor-container elementor-column-gap-default\">\n\t\t\t\t\t<div class=\"elementor-column elementor-col-50 elementor-inner-column elementor-element elementor-element-83c3a7f\" data-id=\"83c3a7f\" data-element_type=\"column\">\n\t\t\t<div class=\"elementor-widget-wrap elementor-element-populated\">\n\t\t\t\t\t\t<div class=\"elementor-element elementor-element-b2678f6 ekit-equal-height-disable elementor-widget elementor-widget-elementskit-icon-box\" data-id=\"b2678f6\" data-element_type=\"widget\" data-widget_type=\"elementskit-icon-box.default\">\n\t\t\t\t<div class=\"elementor-widget-container\">\n\t\t\t<div class=\"ekit-wid-con\" >        <!-- link opening -->\n                <!-- end link opening -->\n\n        <div class=\"elementskit-infobox text-center text- icon-lef-right-aligin elementor-animation-\">\n                        <div class=\"box-body\">\n                            <h3 class=\"elementskit-info-box-title\">\n                    Ateliers sur les bonnes pratiques dans les projets Horizon Europe                 <\/h3>\n                                            <\/div>\n        \n        \n                <\/div>\n        <\/div>\t\t<\/div>\n\t\t\t\t<\/div>\n\t\t\t\t<div class=\"elementor-element elementor-element-cee3452 elementor-widget elementor-widget-text-editor\" data-id=\"cee3452\" data-element_type=\"widget\" data-widget_type=\"text-editor.default\">\n\t\t\t\t<div class=\"elementor-widget-container\">\n\t\t\t<style>\/*! elementor - v3.19.0 - 07-02-2024 *\/\n.elementor-widget-text-editor.elementor-drop-cap-view-stacked .elementor-drop-cap{background-color:#69727d;color:#fff}.elementor-widget-text-editor.elementor-drop-cap-view-framed .elementor-drop-cap{color:#69727d;border:3px solid;background-color:transparent}.elementor-widget-text-editor:not(.elementor-drop-cap-view-default) .elementor-drop-cap{margin-top:8px}.elementor-widget-text-editor:not(.elementor-drop-cap-view-default) .elementor-drop-cap-letter{width:1em;height:1em}.elementor-widget-text-editor .elementor-drop-cap{float:left;text-align:center;line-height:1;font-size:50px}.elementor-widget-text-editor .elementor-drop-cap-letter{display:inline-block}<\/style>\t\t\t\t<p>Ces ateliers impliqueront tous les partenaires de TwInSolar et les acteurs R&amp;D concern\u00e9s de La R\u00e9union, afin de partager les bonnes pratiques pour construire un syst\u00e8me de R&amp;I comp\u00e9titif et internationalis\u00e9 dans le domaine de la transition \u00e9nerg\u00e9tique.<\/p>\t\t\t\t\t\t<\/div>\n\t\t\t\t<\/div>\n\t\t\t\t\t<\/div>\n\t\t<\/div>\n\t\t\t\t<div class=\"elementor-column elementor-col-50 elementor-inner-column elementor-element elementor-element-b839675\" data-id=\"b839675\" data-element_type=\"column\">\n\t\t\t<div class=\"elementor-widget-wrap elementor-element-populated\">\n\t\t\t\t\t\t<div class=\"elementor-element elementor-element-6ac319c elementor-widget elementor-widget-image\" data-id=\"6ac319c\" data-element_type=\"widget\" data-widget_type=\"image.default\">\n\t\t\t\t<div class=\"elementor-widget-container\">\n\t\t\t<style>\/*! elementor - v3.19.0 - 07-02-2024 *\/\n.elementor-widget-image{text-align:center}.elementor-widget-image a{display:inline-block}.elementor-widget-image a img[src$=\".svg\"]{width:48px}.elementor-widget-image img{vertical-align:middle;display:inline-block}<\/style>\t\t\t\t\t\t\t\t\t\t<img fetchpriority=\"high\" decoding=\"async\" width=\"800\" height=\"450\" src=\"https:\/\/twinsolar.eu\/wp-content\/uploads\/2023\/07\/Twinsolar-Seminaire-1-05-1024x576.jpeg\" class=\"attachment-large size-large wp-image-1227\" alt=\"Solar energy La Reunion research experiment TwInSolar solar energy Reunion\" srcset=\"https:\/\/twinsolar.eu\/wp-content\/uploads\/2023\/07\/Twinsolar-Seminaire-1-05-1024x576.jpeg 1024w, https:\/\/twinsolar.eu\/wp-content\/uploads\/2023\/07\/Twinsolar-Seminaire-1-05-300x169.jpeg 300w, https:\/\/twinsolar.eu\/wp-content\/uploads\/2023\/07\/Twinsolar-Seminaire-1-05-768x432.jpeg 768w, https:\/\/twinsolar.eu\/wp-content\/uploads\/2023\/07\/Twinsolar-Seminaire-1-05-18x10.jpeg 18w, https:\/\/twinsolar.eu\/wp-content\/uploads\/2023\/07\/Twinsolar-Seminaire-1-05.jpeg 1280w\" sizes=\"(max-width: 800px) 100vw, 800px\" \/>\t\t\t\t\t\t\t\t\t\t\t\t\t<\/div>\n\t\t\t\t<\/div>\n\t\t\t\t\t<\/div>\n\t\t<\/div>\n\t\t\t\t\t<\/div>\n\t\t<\/section>\n\t\t\t\t\t<\/div>\n\t\t<\/div>\n\t\t\t\t\t<\/div>\n\t\t<\/section>\n\t\t\t\t<section class=\"elementor-section elementor-top-section elementor-element elementor-element-886dd47 elementor-section-boxed elementor-section-height-default elementor-section-height-default\" data-id=\"886dd47\" data-element_type=\"section\">\n\t\t\t\t\t\t<div class=\"elementor-container elementor-column-gap-default\">\n\t\t\t\t\t<div class=\"elementor-column elementor-col-50 elementor-top-column elementor-element elementor-element-c8cb2c6\" data-id=\"c8cb2c6\" data-element_type=\"column\">\n\t\t\t<div class=\"elementor-widget-wrap elementor-element-populated\">\n\t\t\t\t\t\t<div class=\"elementor-element elementor-element-c866317 ekit-equal-height-disable elementor-widget elementor-widget-elementskit-icon-box\" data-id=\"c866317\" data-element_type=\"widget\" data-widget_type=\"elementskit-icon-box.default\">\n\t\t\t\t<div class=\"elementor-widget-container\">\n\t\t\t<div class=\"ekit-wid-con\" >        <!-- link opening -->\n                <!-- end link opening -->\n\n        <div class=\"elementskit-infobox text-center text- icon-lef-right-aligin elementor-animation-\">\n                        <div class=\"box-body\">\n                            <h3 class=\"elementskit-info-box-title\">\n                    Ateliers scientifiques et universit\u00e9 d'\u00e9t\u00e9 sur la gestion intelligente des syst\u00e8mes \u00e9nerg\u00e9tiques                 <\/h3>\n                                            <\/div>\n        \n        \n                <\/div>\n        <\/div>\t\t<\/div>\n\t\t\t\t<\/div>\n\t\t\t\t<div class=\"elementor-element elementor-element-8428c57 elementor-widget elementor-widget-text-editor\" data-id=\"8428c57\" data-element_type=\"widget\" data-widget_type=\"text-editor.default\">\n\t\t\t\t<div class=\"elementor-widget-container\">\n\t\t\t\t\t\t\t<p>Men\u00e9es par le Fraunhofer ISE, ces activit\u00e9s visent \u00e0 capitaliser sur l'exp\u00e9rience des diff\u00e9rents partenaires, \u00e0 am\u00e9liorer la recherche (principalement ax\u00e9e sur l'int\u00e9gration des pr\u00e9visions solaires dans la gestion des syst\u00e8mes \u00e9nerg\u00e9tiques et sur la production d'\u00e9nergie photovolta\u00efque) et la sensibilisation des \u00e9quipes techniques, du personnel administratif et futurs chefs de projets.<\/p>\t\t\t\t\t\t<\/div>\n\t\t\t\t<\/div>\n\t\t\t\t\t<\/div>\n\t\t<\/div>\n\t\t\t\t<div class=\"elementor-column elementor-col-50 elementor-top-column elementor-element elementor-element-e55363b\" data-id=\"e55363b\" data-element_type=\"column\">\n\t\t\t<div class=\"elementor-widget-wrap elementor-element-populated\">\n\t\t\t\t\t\t<div class=\"elementor-element elementor-element-0e7686d ekit-equal-height-disable elementor-widget elementor-widget-elementskit-icon-box\" data-id=\"0e7686d\" data-element_type=\"widget\" data-widget_type=\"elementskit-icon-box.default\">\n\t\t\t\t<div class=\"elementor-widget-container\">\n\t\t\t<div class=\"ekit-wid-con\" >        <!-- link opening -->\n                <!-- end link opening -->\n\n        <div class=\"elementskit-infobox text-center text- icon-lef-right-aligin elementor-animation-\">\n                        <div class=\"box-body\">\n                            <h3 class=\"elementskit-info-box-title\">\n                    Ateliers scientifiques et cours d'\u00e9t\u00e9 sur la conception, la mod\u00e9lisation et le dimensionnement des syst\u00e8mes \u00e9nerg\u00e9tiques                 <\/h3>\n                                            <\/div>\n        \n        \n                <\/div>\n        <\/div>\t\t<\/div>\n\t\t\t\t<\/div>\n\t\t\t\t<div class=\"elementor-element elementor-element-a8a07f4 elementor-widget elementor-widget-text-editor\" data-id=\"a8a07f4\" data-element_type=\"widget\" data-widget_type=\"text-editor.default\">\n\t\t\t\t<div class=\"elementor-widget-container\">\n\t\t\t\t\t\t\t<p>Men\u00e9es par la DTU, ces activit\u00e9s portent sur la conception, le dimensionnement et la mod\u00e9lisation de syst\u00e8mes \u00e9nerg\u00e9tiques pr\u00e9sentant une forte p\u00e9n\u00e9tration par les \u00e9nergies solaires renouvelables. La mod\u00e9lisation portera sur toutes les parties de la cha\u00eene de conversion et sur les taxes (statiques ou dynamiques) en lien avec de tels syst\u00e8mes. Le dimensionnement s'appuiera sur des m\u00e9thodes capables de prendre en compte l'incertitude li\u00e9e \u00e0 la production solaire.<\/p>\t\t\t\t\t\t<\/div>\n\t\t\t\t<\/div>\n\t\t\t\t\t<\/div>\n\t\t<\/div>\n\t\t\t\t\t<\/div>\n\t\t<\/section>\n\t\t\t\t<section class=\"elementor-section elementor-top-section elementor-element elementor-element-7a12662 elementor-section-boxed elementor-section-height-default elementor-section-height-default\" data-id=\"7a12662\" data-element_type=\"section\">\n\t\t\t\t\t\t<div class=\"elementor-container elementor-column-gap-default\">\n\t\t\t\t\t<div class=\"elementor-column elementor-col-50 elementor-top-column elementor-element elementor-element-98637bb\" data-id=\"98637bb\" data-element_type=\"column\">\n\t\t\t<div class=\"elementor-widget-wrap elementor-element-populated\">\n\t\t\t\t\t\t<div class=\"elementor-element elementor-element-9b3a574 elementor-widget elementor-widget-image\" data-id=\"9b3a574\" data-element_type=\"widget\" data-widget_type=\"image.default\">\n\t\t\t\t<div class=\"elementor-widget-container\">\n\t\t\t\t\t\t\t\t\t\t\t\t\t<img decoding=\"async\" width=\"768\" height=\"576\" src=\"https:\/\/twinsolar.eu\/wp-content\/uploads\/2023\/07\/20230217_114522-768x576.jpg\" class=\"attachment-medium_large size-medium_large wp-image-1392\" alt=\"Solar energy La Reunion research experiment TwInSolar solar energy Reunion\" srcset=\"https:\/\/twinsolar.eu\/wp-content\/uploads\/2023\/07\/20230217_114522-768x576.jpg 768w, https:\/\/twinsolar.eu\/wp-content\/uploads\/2023\/07\/20230217_114522-300x225.jpg 300w, https:\/\/twinsolar.eu\/wp-content\/uploads\/2023\/07\/20230217_114522-1024x768.jpg 1024w, https:\/\/twinsolar.eu\/wp-content\/uploads\/2023\/07\/20230217_114522-1536x1152.jpg 1536w, https:\/\/twinsolar.eu\/wp-content\/uploads\/2023\/07\/20230217_114522-2048x1536.jpg 2048w, https:\/\/twinsolar.eu\/wp-content\/uploads\/2023\/07\/20230217_114522-16x12.jpg 16w\" sizes=\"(max-width: 768px) 100vw, 768px\" \/>\t\t\t\t\t\t\t\t\t\t\t\t\t<\/div>\n\t\t\t\t<\/div>\n\t\t\t\t\t<\/div>\n\t\t<\/div>\n\t\t\t\t<div class=\"elementor-column elementor-col-50 elementor-top-column elementor-element elementor-element-6ea44b9\" data-id=\"6ea44b9\" data-element_type=\"column\">\n\t\t\t<div class=\"elementor-widget-wrap elementor-element-populated\">\n\t\t\t\t\t\t<div class=\"elementor-element elementor-element-f924aff ekit-equal-height-disable elementor-widget elementor-widget-elementskit-icon-box\" data-id=\"f924aff\" data-element_type=\"widget\" data-widget_type=\"elementskit-icon-box.default\">\n\t\t\t\t<div class=\"elementor-widget-container\">\n\t\t\t<div class=\"ekit-wid-con\" >        <!-- link opening -->\n                <!-- end link opening -->\n\n        <div class=\"elementskit-infobox text-center text- icon-lef-right-aligin elementor-animation-\">\n                        <div class=\"box-body\">\n                            <h3 class=\"elementskit-info-box-title\">\n                    3 visites de site                <\/h3>\n                                            <\/div>\n        \n        \n                <\/div>\n        <\/div>\t\t<\/div>\n\t\t\t\t<\/div>\n\t\t\t\t<div class=\"elementor-element elementor-element-cc4a0ab elementor-widget elementor-widget-text-editor\" data-id=\"cc4a0ab\" data-element_type=\"widget\" data-widget_type=\"text-editor.default\">\n\t\t\t\t<div class=\"elementor-widget-container\">\n\t\t\t\t\t\t\t<p>Trois visites de site sont organis\u00e9es dans le cadre du projet :<\/p><ul><li>Dans les installations du Fraunhofer ISE \u00e0 Fribourg, en Allemagne, en septembre 2022<\/li><li>Sur le campus de la DTU, au Danemark en septembre 2022<\/li><li>A l'Universit\u00e9 de La R\u00e9union, en F\u00e9vrier 2023<br \/><br \/><\/li><\/ul><p>Par ailleurs, 8 \u00e9changes de courte dur\u00e9e des personnels de l\u2019UR au sein des deux institutions de recherche partenaires seront organis\u00e9s, impliquant des chercheurs, des ing\u00e9nieurs, des chefs de projets et du personnel administratif.<\/p>\t\t\t\t\t\t<\/div>\n\t\t\t\t<\/div>\n\t\t\t\t\t<\/div>\n\t\t<\/div>\n\t\t\t\t\t<\/div>\n\t\t<\/section>\n\t\t\t\t<\/div>","protected":false},"excerpt":{"rendered":"<p>Twinning activities Twinning activities are a key component of the project, with 3 dedicated work packages.\u00a0 Various events are being organized in order to facilitate this reciprocate exchange:\u00a0 Workshops on [&hellip;]<\/p>","protected":false},"author":12,"featured_media":0,"parent":0,"menu_order":0,"comment_status":"closed","ping_status":"closed","template":"","meta":{"_tec_requires_first_save":true,"om_disable_all_campaigns":false,"_monsterinsights_skip_tracking":false,"_monsterinsights_sitenote_active":false,"_monsterinsights_sitenote_note":"","_monsterinsights_sitenote_category":0,"_uf_show_specific_survey":0,"_uf_disable_surveys":false,"_EventAllDay":false,"_EventTimezone":"","_EventStartDate":"","_EventEndDate":"","_EventStartDateUTC":"","_EventEndDateUTC":"","_EventShowMap":false,"_EventShowMapLink":false,"_EventURL":"","_EventCost":"","_EventCostDescription":"","_EventCurrencySymbol":"","_EventCurrencyCode":"","_EventCurrencyPosition":"","_EventDateTimeSeparator":"","_EventTimeRangeSeparator":"","_EventOrganizerID":[],"_EventVenueID":[],"_OrganizerEmail":"","_OrganizerPhone":"","_OrganizerWebsite":"","_VenueAddress":"","_VenueCity":"","_VenueCountry":"","_VenueProvince":"","_VenueState":"","_VenueZip":"","_VenuePhone":"","_VenueURL":"","_VenueStateProvince":"","_VenueLat":"","_VenueLng":"","_VenueShowMap":false,"_VenueShowMapLink":false,"_tribe_blocks_recurrence_rules":"","_tribe_blocks_recurrence_description":"","_tribe_blocks_recurrence_exclusions":""},"aioseo_notices":[],"yoast_head":"<!-- This site is optimized with the Yoast SEO plugin v21.5 - https:\/\/yoast.com\/wordpress\/plugins\/seo\/ -->\n<title>Twinning activities - Twinsolar<\/title>\n<meta name=\"robots\" content=\"index, follow, max-snippet:-1, max-image-preview:large, max-video-preview:-1\" \/>\n<link rel=\"canonical\" href=\"https:\/\/twinsolar.eu\/fr\/twinning-activities\/\" \/>\n<meta property=\"og:locale\" content=\"fr_FR\" \/>\n<meta property=\"og:type\" content=\"article\" \/>\n<meta property=\"og:title\" content=\"Twinning activities - Twinsolar\" \/>\n<meta property=\"og:description\" content=\"Twinning activities Twinning activities are a key component of the project, with 3 dedicated work packages.\u00a0 Various events are being organized in order to facilitate this reciprocate exchange:\u00a0 Workshops on [&hellip;]\" \/>\n<meta property=\"og:url\" content=\"https:\/\/twinsolar.eu\/fr\/twinning-activities\/\" \/>\n<meta property=\"og:site_name\" content=\"Twinsolar\" \/>\n<meta property=\"article:modified_time\" content=\"2023-09-01T10:23:12+00:00\" \/>\n<meta property=\"og:image\" content=\"https:\/\/twinsolar.eu\/wp-content\/uploads\/2023\/07\/Twinsolar-Seminaire-1-05-1024x576.jpeg\" \/>\n<meta name=\"twitter:card\" content=\"summary_large_image\" \/>\n<meta name=\"twitter:site\" content=\"@TwInSolar_HE\" \/>\n<meta name=\"twitter:label1\" content=\"Dur\u00e9e de lecture estim\u00e9e\" \/>\n\t<meta name=\"twitter:data1\" content=\"2 minutes\" \/>\n<script type=\"application\/ld+json\" class=\"yoast-schema-graph\">{\"@context\":\"https:\/\/schema.org\",\"@graph\":[{\"@type\":\"WebPage\",\"@id\":\"https:\/\/twinsolar.eu\/en\/twinning-activities\/\",\"url\":\"https:\/\/twinsolar.eu\/en\/twinning-activities\/\",\"name\":\"Twinning activities - Twinsolar\",\"isPartOf\":{\"@id\":\"https:\/\/twinsolar.eu\/fr\/#website\"},\"datePublished\":\"2023-07-04T04:50:18+00:00\",\"dateModified\":\"2023-09-01T10:23:12+00:00\",\"breadcrumb\":{\"@id\":\"https:\/\/twinsolar.eu\/en\/twinning-activities\/#breadcrumb\"},\"inLanguage\":\"fr-FR\",\"potentialAction\":[{\"@type\":\"ReadAction\",\"target\":[\"https:\/\/twinsolar.eu\/en\/twinning-activities\/\"]}]},{\"@type\":\"BreadcrumbList\",\"@id\":\"https:\/\/twinsolar.eu\/en\/twinning-activities\/#breadcrumb\",\"itemListElement\":[{\"@type\":\"ListItem\",\"position\":1,\"name\":\"Accueil\",\"item\":\"https:\/\/twinsolar.eu\/en\/\"},{\"@type\":\"ListItem\",\"position\":2,\"name\":\"Twinning activities\"}]},{\"@type\":\"WebSite\",\"@id\":\"https:\/\/twinsolar.eu\/fr\/#website\",\"url\":\"https:\/\/twinsolar.eu\/fr\/\",\"name\":\"Twinsolar\",\"description\":\"\",\"publisher\":{\"@id\":\"https:\/\/twinsolar.eu\/fr\/#organization\"},\"potentialAction\":[{\"@type\":\"SearchAction\",\"target\":{\"@type\":\"EntryPoint\",\"urlTemplate\":\"https:\/\/twinsolar.eu\/fr\/?s={search_term_string}\"},\"query-input\":\"required name=search_term_string\"}],\"inLanguage\":\"fr-FR\"},{\"@type\":\"Organization\",\"@id\":\"https:\/\/twinsolar.eu\/fr\/#organization\",\"name\":\"Twinsolar\",\"url\":\"https:\/\/twinsolar.eu\/fr\/\",\"logo\":{\"@type\":\"ImageObject\",\"inLanguage\":\"fr-FR\",\"@id\":\"https:\/\/twinsolar.eu\/fr\/#\/schema\/logo\/image\/\",\"url\":\"https:\/\/twinsolar.eu\/wp-content\/uploads\/2023\/05\/cropped-Favicon-twinsolar.png\",\"contentUrl\":\"https:\/\/twinsolar.eu\/wp-content\/uploads\/2023\/05\/cropped-Favicon-twinsolar.png\",\"width\":512,\"height\":512,\"caption\":\"Twinsolar\"},\"image\":{\"@id\":\"https:\/\/twinsolar.eu\/fr\/#\/schema\/logo\/image\/\"},\"sameAs\":[\"https:\/\/twitter.com\/TwInSolar_HE\"]}]}<\/script>\n<!-- \/ Yoast SEO plugin. -->","yoast_head_json":{"title":"Twinning activities - Twinsolar","robots":{"index":"index","follow":"follow","max-snippet":"max-snippet:-1","max-image-preview":"max-image-preview:large","max-video-preview":"max-video-preview:-1"},"canonical":"https:\/\/twinsolar.eu\/fr\/twinning-activities\/","og_locale":"fr_FR","og_type":"article","og_title":"Twinning activities - Twinsolar","og_description":"Twinning activities Twinning activities are a key component of the project, with 3 dedicated work packages.\u00a0 Various events are being organized in order to facilitate this reciprocate exchange:\u00a0 Workshops on [&hellip;]","og_url":"https:\/\/twinsolar.eu\/fr\/twinning-activities\/","og_site_name":"Twinsolar","article_modified_time":"2023-09-01T10:23:12+00:00","og_image":[{"url":"https:\/\/twinsolar.eu\/wp-content\/uploads\/2023\/07\/Twinsolar-Seminaire-1-05-1024x576.jpeg"}],"twitter_card":"summary_large_image","twitter_site":"@TwInSolar_HE","twitter_misc":{"Dur\u00e9e de lecture estim\u00e9e":"2 minutes"},"schema":{"@context":"https:\/\/schema.org","@graph":[{"@type":"WebPage","@id":"https:\/\/twinsolar.eu\/en\/twinning-activities\/","url":"https:\/\/twinsolar.eu\/en\/twinning-activities\/","name":"Twinning activities - Twinsolar","isPartOf":{"@id":"https:\/\/twinsolar.eu\/fr\/#website"},"datePublished":"2023-07-04T04:50:18+00:00","dateModified":"2023-09-01T10:23:12+00:00","breadcrumb":{"@id":"https:\/\/twinsolar.eu\/en\/twinning-activities\/#breadcrumb"},"inLanguage":"fr-FR","potentialAction":[{"@type":"ReadAction","target":["https:\/\/twinsolar.eu\/en\/twinning-activities\/"]}]},{"@type":"BreadcrumbList","@id":"https:\/\/twinsolar.eu\/en\/twinning-activities\/#breadcrumb","itemListElement":[{"@type":"ListItem","position":1,"name":"Accueil","item":"https:\/\/twinsolar.eu\/en\/"},{"@type":"ListItem","position":2,"name":"Twinning activities"}]},{"@type":"WebSite","@id":"https:\/\/twinsolar.eu\/fr\/#website","url":"https:\/\/twinsolar.eu\/fr\/","name":"Twinsolar","description":"","publisher":{"@id":"https:\/\/twinsolar.eu\/fr\/#organization"},"potentialAction":[{"@type":"SearchAction","target":{"@type":"EntryPoint","urlTemplate":"https:\/\/twinsolar.eu\/fr\/?s={search_term_string}"},"query-input":"required name=search_term_string"}],"inLanguage":"fr-FR"},{"@type":"Organization","@id":"https:\/\/twinsolar.eu\/fr\/#organization","name":"Twinsolar","url":"https:\/\/twinsolar.eu\/fr\/","logo":{"@type":"ImageObject","inLanguage":"fr-FR","@id":"https:\/\/twinsolar.eu\/fr\/#\/schema\/logo\/image\/","url":"https:\/\/twinsolar.eu\/wp-content\/uploads\/2023\/05\/cropped-Favicon-twinsolar.png","contentUrl":"https:\/\/twinsolar.eu\/wp-content\/uploads\/2023\/05\/cropped-Favicon-twinsolar.png","width":512,"height":512,"caption":"Twinsolar"},"image":{"@id":"https:\/\/twinsolar.eu\/fr\/#\/schema\/logo\/image\/"},"sameAs":["https:\/\/twitter.com\/TwInSolar_HE"]}]}},"_links":{"self":[{"href":"https:\/\/twinsolar.eu\/fr\/wp-json\/wp\/v2\/pages\/1221"}],"collection":[{"href":"https:\/\/twinsolar.eu\/fr\/wp-json\/wp\/v2\/pages"}],"about":[{"href":"https:\/\/twinsolar.eu\/fr\/wp-json\/wp\/v2\/types\/page"}],"author":[{"embeddable":true,"href":"https:\/\/twinsolar.eu\/fr\/wp-json\/wp\/v2\/users\/12"}],"replies":[{"embeddable":true,"href":"https:\/\/twinsolar.eu\/fr\/wp-json\/wp\/v2\/comments?post=1221"}],"version-history":[{"count":61,"href":"https:\/\/twinsolar.eu\/fr\/wp-json\/wp\/v2\/pages\/1221\/revisions"}],"predecessor-version":[{"id":1940,"href":"https:\/\/twinsolar.eu\/fr\/wp-json\/wp\/v2\/pages\/1221\/revisions\/1940"}],"wp:attachment":[{"href":"https:\/\/twinsolar.eu\/fr\/wp-json\/wp\/v2\/media?parent=1221"}],"curies":[{"name":"wp","href":"https:\/\/api.w.org\/{rel}","templated":true}]}}