{"id":1232,"date":"2023-07-04T07:13:09","date_gmt":"2023-07-04T05:13:09","guid":{"rendered":"https:\/\/twinsolar.eu\/?page_id=1232"},"modified":"2023-09-01T12:28:58","modified_gmt":"2023-09-01T10:28:58","slug":"research","status":"publish","type":"page","link":"https:\/\/twinsolar.eu\/fr\/research\/","title":{"rendered":"Recherche"},"content":{"rendered":"<div data-elementor-type=\"wp-page\" data-elementor-id=\"1232\" class=\"elementor elementor-1232\">\n\t\t\t\t\t\t<section class=\"elementor-section elementor-top-section elementor-element elementor-element-5448a1e elementor-section-boxed elementor-section-height-default elementor-section-height-default\" data-id=\"5448a1e\" data-element_type=\"section\">\n\t\t\t\t\t\t<div class=\"elementor-container elementor-column-gap-default\">\n\t\t\t\t\t<div class=\"elementor-column elementor-col-100 elementor-top-column elementor-element elementor-element-a1f0a06\" data-id=\"a1f0a06\" data-element_type=\"column\">\n\t\t\t<div class=\"elementor-widget-wrap elementor-element-populated\">\n\t\t\t\t\t\t<div class=\"elementor-element elementor-element-a782fb4 elementor-widget elementor-widget-elementskit-heading\" data-id=\"a782fb4\" data-element_type=\"widget\" data-widget_type=\"elementskit-heading.default\">\n\t\t\t\t<div class=\"elementor-widget-container\">\n\t\t\t<div class=\"ekit-wid-con\" ><div class=\"ekit-heading elementskit-section-title-wraper text_center   ekit_heading_tablet-   ekit_heading_mobile-\"><h2 class=\"ekit-heading--title elementskit-section-title\">Recherche<\/h2>\t\t\t\t<div class='ekit-heading__description'>\n\t\t\t\t\t<p>Les questions scientifiques cl\u00e9s pour l'int\u00e9gration massive de l'\u00e9nergie solaire dans des zones non interconnect\u00e9es : stabilit\u00e9, \u00e9quilibre \u00e9nerg\u00e9tique, anticipation\u00a0<\/p>\n\t\t\t\t<\/div>\n\t\t\t<\/div><\/div>\t\t<\/div>\n\t\t\t\t<\/div>\n\t\t\t\t<section class=\"elementor-section elementor-inner-section elementor-element elementor-element-50d9ecc elementor-section-boxed elementor-section-height-default elementor-section-height-default\" data-id=\"50d9ecc\" data-element_type=\"section\">\n\t\t\t\t\t\t<div class=\"elementor-container elementor-column-gap-default\">\n\t\t\t\t\t<div class=\"elementor-column elementor-col-100 elementor-inner-column elementor-element elementor-element-70bbfa7\" data-id=\"70bbfa7\" data-element_type=\"column\">\n\t\t\t<div class=\"elementor-widget-wrap elementor-element-populated\">\n\t\t\t\t\t\t<div class=\"elementor-element elementor-element-6f19e15 elementor-widget elementor-widget-text-editor\" data-id=\"6f19e15\" data-element_type=\"widget\" data-widget_type=\"text-editor.default\">\n\t\t\t\t<div class=\"elementor-widget-container\">\n\t\t\t<style>\/*! elementor - v3.19.0 - 07-02-2024 *\/\n.elementor-widget-text-editor.elementor-drop-cap-view-stacked .elementor-drop-cap{background-color:#69727d;color:#fff}.elementor-widget-text-editor.elementor-drop-cap-view-framed .elementor-drop-cap{color:#69727d;border:3px solid;background-color:transparent}.elementor-widget-text-editor:not(.elementor-drop-cap-view-default) .elementor-drop-cap{margin-top:8px}.elementor-widget-text-editor:not(.elementor-drop-cap-view-default) .elementor-drop-cap-letter{width:1em;height:1em}.elementor-widget-text-editor .elementor-drop-cap{float:left;text-align:center;line-height:1;font-size:50px}.elementor-widget-text-editor .elementor-drop-cap-letter{display:inline-block}<\/style>\t\t\t\t<p>Les zones non interconnect\u00e9es, comme La R\u00e9union ou d'autres \u00eeles, sont confront\u00e9es \u00e0 des probl\u00e8mes sp\u00e9cifiques pour int\u00e9grer  massivement des \u00e9nergies intermittentes comme l'\u00e9nergie solaire dans leur mix \u00e9lectrique. En effet, comme elles ne sont reli\u00e9es \u00e0 aucun grand r\u00e9seau \u00e9nerg\u00e9tique, l'ensemble du syst\u00e8me \u00e9nerg\u00e9tique doit \u00eatre stable et maintenir un \u00e9quilibre constant entre la consommation et la production. L'anticipation des niveaux de production d'\u00e9nergie, la flexibilit\u00e9 et le contr\u00f4le optimal sont essentiels pour assurer cette stabilit\u00e9.<\/p><p>Avec TwInSolar, nous avons pour objectif de relever des d\u00e9fis cl\u00e9s pour faciliter l'int\u00e9gration massive de l'\u00e9nergie solaire dans des zones non interconnect\u00e9es :<\/p>\t\t\t\t\t\t<\/div>\n\t\t\t\t<\/div>\n\t\t\t\t\t<\/div>\n\t\t<\/div>\n\t\t\t\t\t<\/div>\n\t\t<\/section>\n\t\t\t\t<section class=\"elementor-section elementor-inner-section elementor-element elementor-element-9250cc1 elementor-section-boxed elementor-section-height-default elementor-section-height-default\" data-id=\"9250cc1\" data-element_type=\"section\">\n\t\t\t\t\t\t<div class=\"elementor-container elementor-column-gap-default\">\n\t\t\t\t\t<div class=\"elementor-column elementor-col-33 elementor-inner-column elementor-element elementor-element-ddb4b51\" data-id=\"ddb4b51\" data-element_type=\"column\">\n\t\t\t<div class=\"elementor-widget-wrap elementor-element-populated\">\n\t\t\t\t\t\t<div class=\"elementor-element elementor-element-a4ac15d ekit-equal-height-disable elementor-widget elementor-widget-elementskit-icon-box\" data-id=\"a4ac15d\" data-element_type=\"widget\" data-widget_type=\"elementskit-icon-box.default\">\n\t\t\t\t<div class=\"elementor-widget-container\">\n\t\t\t<div class=\"ekit-wid-con\" >        <!-- link opening -->\n                <!-- end link opening -->\n\n        <div class=\"elementskit-infobox text-center text- icon-lef-right-aligin elementor-animation-\">\n                        <div class=\"box-body\">\n                            <h3 class=\"elementskit-info-box-title\">\n                    Mod\u00e9lisation et dimensionnement des syst\u00e8mes \u00e9nerg\u00e9tiques en situation d'incertitude \u00e9lev\u00e9e                 <\/h3>\n                                            <\/div>\n        \n        \n                <\/div>\n        <\/div>\t\t<\/div>\n\t\t\t\t<\/div>\n\t\t\t\t\t<\/div>\n\t\t<\/div>\n\t\t\t\t<div class=\"elementor-column elementor-col-33 elementor-inner-column elementor-element elementor-element-206b0ab\" data-id=\"206b0ab\" data-element_type=\"column\">\n\t\t\t<div class=\"elementor-widget-wrap elementor-element-populated\">\n\t\t\t\t\t\t<div class=\"elementor-element elementor-element-b186e26 ekit-equal-height-disable elementor-widget elementor-widget-elementskit-icon-box\" data-id=\"b186e26\" data-element_type=\"widget\" data-widget_type=\"elementskit-icon-box.default\">\n\t\t\t\t<div class=\"elementor-widget-container\">\n\t\t\t<div class=\"ekit-wid-con\" >        <!-- link opening -->\n                <!-- end link opening -->\n\n        <div class=\"elementskit-infobox text-center text- icon-lef-right-aligin elementor-animation-\">\n                        <div class=\"box-body\">\n                            <h3 class=\"elementskit-info-box-title\">\n                    Pr\u00e9vision \u00e0 court terme de la production et de la demande avec une approche probabiliste                 <\/h3>\n                                            <\/div>\n        \n        \n                <\/div>\n        <\/div>\t\t<\/div>\n\t\t\t\t<\/div>\n\t\t\t\t\t<\/div>\n\t\t<\/div>\n\t\t\t\t<div class=\"elementor-column elementor-col-33 elementor-inner-column elementor-element elementor-element-a37093e\" data-id=\"a37093e\" data-element_type=\"column\">\n\t\t\t<div class=\"elementor-widget-wrap elementor-element-populated\">\n\t\t\t\t\t\t<div class=\"elementor-element elementor-element-c08ee0c ekit-equal-height-disable elementor-widget elementor-widget-elementskit-icon-box\" data-id=\"c08ee0c\" data-element_type=\"widget\" data-widget_type=\"elementskit-icon-box.default\">\n\t\t\t\t<div class=\"elementor-widget-container\">\n\t\t\t<div class=\"ekit-wid-con\" >        <!-- link opening -->\n                <!-- end link opening -->\n\n        <div class=\"elementskit-infobox text-center text- icon-lef-right-aligin elementor-animation-\">\n                        <div class=\"box-body\">\n                            <h3 class=\"elementskit-info-box-title\">\n                    Gestion intelligente avec contr\u00f4le pr\u00e9dictif optimal                 <\/h3>\n                                            <\/div>\n        \n        \n                <\/div>\n        <\/div>\t\t<\/div>\n\t\t\t\t<\/div>\n\t\t\t\t\t<\/div>\n\t\t<\/div>\n\t\t\t\t\t<\/div>\n\t\t<\/section>\n\t\t\t\t<section class=\"elementor-section elementor-inner-section elementor-element elementor-element-d697395 elementor-section-boxed elementor-section-height-default elementor-section-height-default\" data-id=\"d697395\" data-element_type=\"section\">\n\t\t\t\t\t\t<div class=\"elementor-container elementor-column-gap-default\">\n\t\t\t\t\t<div class=\"elementor-column elementor-col-100 elementor-inner-column elementor-element elementor-element-5d498a5\" data-id=\"5d498a5\" data-element_type=\"column\">\n\t\t\t<div class=\"elementor-widget-wrap elementor-element-populated\">\n\t\t\t\t\t\t<div class=\"elementor-element elementor-element-a2719b1 elementor-widget elementor-widget-text-editor\" data-id=\"a2719b1\" data-element_type=\"widget\" data-widget_type=\"text-editor.default\">\n\t\t\t\t<div class=\"elementor-widget-container\">\n\t\t\t\t\t\t\t<p>Au cours du projet, nous concevrons une solution innovante et abordable pour fournir de l'\u00e9nergie au campus universitaire de Terre Sainte (La R\u00e9union) avec une int\u00e9gration massive de l'\u00e9nergie solaire.<\/p><p>Avec deux b\u00e2timents \u00e0 consommation \u00e9nerg\u00e9tique nette nulle (NetZEB) sur ce site, l'UR a d\u00e9j\u00e0 mis en place une politique efficace d'\u00e9conomie d'\u00e9nergie pour ce campus. Ce projet ira plus loin en \u00e9tudiant une solution permettant de r\u00e9duire de mani\u00e8re significative les \u00e9missions de carbone en alimentant le micro-r\u00e9seau avec au moins 80 % de la production solaire du site. Les principaux r\u00e9sultats sont la conception optimale des solutions possibles, un syst\u00e8me de gestion pr\u00e9dictive de l'\u00e9nergie bas\u00e9 sur des pr\u00e9visions op\u00e9rationnelles et une \u00e9tude de cas pour les ateliers et les \u00e9coles d'\u00e9t\u00e9. Au cours de cette activit\u00e9 de recherche, l'UR, la DTU et le Fraunhofer seront conjointement impliqu\u00e9s dans la co-supervision de jeunes chercheurs (masters, doctorats et post-docs).<\/p>\t\t\t\t\t\t<\/div>\n\t\t\t\t<\/div>\n\t\t\t\t\t<\/div>\n\t\t<\/div>\n\t\t\t\t\t<\/div>\n\t\t<\/section>\n\t\t\t\t\t<\/div>\n\t\t<\/div>\n\t\t\t\t\t<\/div>\n\t\t<\/section>\n\t\t\t\t<section class=\"elementor-section elementor-top-section elementor-element elementor-element-5de25a8 elementor-section-boxed elementor-section-height-default elementor-section-height-default\" data-id=\"5de25a8\" data-element_type=\"section\">\n\t\t\t\t\t\t<div class=\"elementor-container elementor-column-gap-default\">\n\t\t\t\t\t<div class=\"elementor-column elementor-col-50 elementor-top-column elementor-element elementor-element-3b09d9e\" data-id=\"3b09d9e\" data-element_type=\"column\">\n\t\t\t<div class=\"elementor-widget-wrap elementor-element-populated\">\n\t\t\t\t\t\t<div class=\"elementor-element elementor-element-cf8be65 elementor-align-left elementor-absolute elementor-icon-list--layout-traditional elementor-list-item-link-full_width elementor-widget elementor-widget-icon-list\" data-id=\"cf8be65\" data-element_type=\"widget\" data-settings=\"{&quot;_position&quot;:&quot;absolute&quot;}\" data-widget_type=\"icon-list.default\">\n\t\t\t\t<div class=\"elementor-widget-container\">\n\t\t\t<link rel=\"stylesheet\" href=\"https:\/\/twinsolar.eu\/wp-content\/plugins\/elementor\/assets\/css\/widget-icon-list.min.css\">\t\t<ul class=\"elementor-icon-list-items\">\n\t\t\t\t\t\t\t<li class=\"elementor-icon-list-item\">\n\t\t\t\t\t\t\t\t\t\t\t<span class=\"elementor-icon-list-icon\">\n\t\t\t\t\t\t\t<i aria-hidden=\"true\" class=\"fas fa-circle\"><\/i>\t\t\t\t\t\t<\/span>\n\t\t\t\t\t\t\t\t\t\t<span class=\"elementor-icon-list-text\">+1000 \u00e9tudiants <\/span>\n\t\t\t\t\t\t\t\t\t<\/li>\n\t\t\t\t\t\t\t\t<li class=\"elementor-icon-list-item\">\n\t\t\t\t\t\t\t\t\t\t\t<span class=\"elementor-icon-list-icon\">\n\t\t\t\t\t\t\t<i aria-hidden=\"true\" class=\"fas fa-circle\"><\/i>\t\t\t\t\t\t<\/span>\n\t\t\t\t\t\t\t\t\t\t<span class=\"elementor-icon-list-text\">B\u00e2timents universitaires de 12 600m2 de surface de plancher <\/span>\n\t\t\t\t\t\t\t\t\t<\/li>\n\t\t\t\t\t\t\t\t<li class=\"elementor-icon-list-item\">\n\t\t\t\t\t\t\t\t\t\t\t<span class=\"elementor-icon-list-icon\">\n\t\t\t\t\t\t\t<i aria-hidden=\"true\" class=\"fas fa-circle\"><\/i>\t\t\t\t\t\t<\/span>\n\t\t\t\t\t\t\t\t\t\t<span class=\"elementor-icon-list-text\">244 chambres d'\u00e9tudiants <\/span>\n\t\t\t\t\t\t\t\t\t<\/li>\n\t\t\t\t\t\t\t\t<li class=\"elementor-icon-list-item\">\n\t\t\t\t\t\t\t\t\t\t\t<span class=\"elementor-icon-list-icon\">\n\t\t\t\t\t\t\t<i aria-hidden=\"true\" class=\"fas fa-circle\"><\/i>\t\t\t\t\t\t<\/span>\n\t\t\t\t\t\t\t\t\t\t<span class=\"elementor-icon-list-text\">1 restaurant <\/span>\n\t\t\t\t\t\t\t\t\t<\/li>\n\t\t\t\t\t\t\t\t<li class=\"elementor-icon-list-item\">\n\t\t\t\t\t\t\t\t\t\t\t<span class=\"elementor-icon-list-icon\">\n\t\t\t\t\t\t\t<i aria-hidden=\"true\" class=\"fas fa-circle\"><\/i>\t\t\t\t\t\t<\/span>\n\t\t\t\t\t\t\t\t\t\t<span class=\"elementor-icon-list-text\">Consommation \u00e9lectrique 1,2GWh\/an<\/span>\n\t\t\t\t\t\t\t\t\t<\/li>\n\t\t\t\t\t\t\t\t<li class=\"elementor-icon-list-item\">\n\t\t\t\t\t\t\t\t\t\t\t<span class=\"elementor-icon-list-icon\">\n\t\t\t\t\t\t\t<i aria-hidden=\"true\" class=\"fas fa-circle\"><\/i>\t\t\t\t\t\t<\/span>\n\t\t\t\t\t\t\t\t\t\t<span class=\"elementor-icon-list-text\">Puissance PV install\u00e9e 170kWc <\/span>\n\t\t\t\t\t\t\t\t\t<\/li>\n\t\t\t\t\t\t\t\t<li class=\"elementor-icon-list-item\">\n\t\t\t\t\t\t\t\t\t\t\t<span class=\"elementor-icon-list-icon\">\n\t\t\t\t\t\t\t<i aria-hidden=\"true\" class=\"fas fa-circle\"><\/i>\t\t\t\t\t\t<\/span>\n\t\t\t\t\t\t\t\t\t\t<span class=\"elementor-icon-list-text\">Autosuffisance r\u00e9elle 16% <\/span>\n\t\t\t\t\t\t\t\t\t<\/li>\n\t\t\t\t\t\t<\/ul>\n\t\t\t\t<\/div>\n\t\t\t\t<\/div>\n\t\t\t\t\t<\/div>\n\t\t<\/div>\n\t\t\t\t<div class=\"elementor-column elementor-col-50 elementor-top-column elementor-element elementor-element-c937043\" data-id=\"c937043\" data-element_type=\"column\">\n\t\t\t<div class=\"elementor-widget-wrap elementor-element-populated\">\n\t\t\t\t\t\t<div class=\"elementor-element elementor-element-b6aeee8 elementor-widget__width-initial elementor-arrows-position-inside elementor-pagination-position-outside elementor-widget elementor-widget-image-carousel\" data-id=\"b6aeee8\" data-element_type=\"widget\" data-settings=\"{&quot;slides_to_show&quot;:&quot;1&quot;,&quot;navigation&quot;:&quot;both&quot;,&quot;autoplay&quot;:&quot;yes&quot;,&quot;pause_on_hover&quot;:&quot;yes&quot;,&quot;pause_on_interaction&quot;:&quot;yes&quot;,&quot;autoplay_speed&quot;:5000,&quot;infinite&quot;:&quot;yes&quot;,&quot;effect&quot;:&quot;slide&quot;,&quot;speed&quot;:500}\" data-widget_type=\"image-carousel.default\">\n\t\t\t\t<div class=\"elementor-widget-container\">\n\t\t\t<style>\/*! elementor - v3.19.0 - 07-02-2024 *\/\n.elementor-widget-image-carousel .swiper,.elementor-widget-image-carousel .swiper-container{position:static}.elementor-widget-image-carousel .swiper-container .swiper-slide figure,.elementor-widget-image-carousel .swiper .swiper-slide figure{line-height:inherit}.elementor-widget-image-carousel .swiper-slide{text-align:center}.elementor-image-carousel-wrapper:not(.swiper-container-initialized):not(.swiper-initialized) .swiper-slide{max-width:calc(100% \/ var(--e-image-carousel-slides-to-show, 3))}<\/style>\t\t<div class=\"elementor-image-carousel-wrapper swiper\" dir=\"ltr\">\n\t\t\t<div class=\"elementor-image-carousel swiper-wrapper\" aria-live=\"off\">\n\t\t\t\t\t\t\t\t<div class=\"swiper-slide\" role=\"group\" aria-roledescription=\"slide\" aria-label=\"1 sur 2\"><figure class=\"swiper-slide-inner\"><img decoding=\"async\" class=\"swiper-slide-image\" src=\"https:\/\/twinsolar.eu\/wp-content\/uploads\/2023\/07\/Campus_Terre_Sainte_annote.jpg\" alt=\"\u00c9nergie solaire, Panneaux solaires, \u00c9nergie renouvelable twinsolar\" \/><\/figure><\/div><div class=\"swiper-slide\" role=\"group\" aria-roledescription=\"slide\" aria-label=\"2 sur 2\"><figure class=\"swiper-slide-inner\"><img decoding=\"async\" class=\"swiper-slide-image\" src=\"https:\/\/twinsolar.eu\/wp-content\/uploads\/2023\/07\/Campus_Terre-Sainte-1-2048x1365.jpeg\" alt=\"\u00c9nergie solaire, Panneaux solaires, \u00c9nergie renouvelable twinsolar\" \/><\/figure><\/div>\t\t\t<\/div>\n\t\t\t\t\t\t\t\t\t\t\t\t<div class=\"elementor-swiper-button elementor-swiper-button-prev\" role=\"button\" tabindex=\"0\">\n\t\t\t\t\t\t<i aria-hidden=\"true\" class=\"eicon-chevron-left\"><\/i>\t\t\t\t\t<\/div>\n\t\t\t\t\t<div class=\"elementor-swiper-button elementor-swiper-button-next\" role=\"button\" tabindex=\"0\">\n\t\t\t\t\t\t<i aria-hidden=\"true\" class=\"eicon-chevron-right\"><\/i>\t\t\t\t\t<\/div>\n\t\t\t\t\n\t\t\t\t\t\t\t\t\t<div class=\"swiper-pagination\"><\/div>\n\t\t\t\t\t\t\t\t\t<\/div>\n\t\t\t\t<\/div>\n\t\t\t\t<\/div>\n\t\t\t\t\t<\/div>\n\t\t<\/div>\n\t\t\t\t\t<\/div>\n\t\t<\/section>\n\t\t\t\t<\/div>","protected":false},"excerpt":{"rendered":"<p>Research Key scientific issues to massively integrates solar energy into non-interconnected zones: stability, energy balance, anticipation\u00a0 Non-interconnected zones, such as La Reunion or other islands, face specific issues to integrate [&hellip;]<\/p>","protected":false},"author":12,"featured_media":0,"parent":0,"menu_order":0,"comment_status":"closed","ping_status":"closed","template":"","meta":{"_tec_requires_first_save":true,"om_disable_all_campaigns":false,"_monsterinsights_skip_tracking":false,"_monsterinsights_sitenote_active":false,"_monsterinsights_sitenote_note":"","_monsterinsights_sitenote_category":0,"_uf_show_specific_survey":0,"_uf_disable_surveys":false,"_EventAllDay":false,"_EventTimezone":"","_EventStartDate":"","_EventEndDate":"","_EventStartDateUTC":"","_EventEndDateUTC":"","_EventShowMap":false,"_EventShowMapLink":false,"_EventURL":"","_EventCost":"","_EventCostDescription":"","_EventCurrencySymbol":"","_EventCurrencyCode":"","_EventCurrencyPosition":"","_EventDateTimeSeparator":"","_EventTimeRangeSeparator":"","_EventOrganizerID":[],"_EventVenueID":[],"_OrganizerEmail":"","_OrganizerPhone":"","_OrganizerWebsite":"","_VenueAddress":"","_VenueCity":"","_VenueCountry":"","_VenueProvince":"","_VenueState":"","_VenueZip":"","_VenuePhone":"","_VenueURL":"","_VenueStateProvince":"","_VenueLat":"","_VenueLng":"","_VenueShowMap":false,"_VenueShowMapLink":false,"_tribe_blocks_recurrence_rules":"","_tribe_blocks_recurrence_description":"","_tribe_blocks_recurrence_exclusions":""},"aioseo_notices":[],"yoast_head":"<!-- This site is optimized with the Yoast SEO plugin v21.5 - https:\/\/yoast.com\/wordpress\/plugins\/seo\/ -->\n<title>Research - Twinsolar<\/title>\n<meta name=\"robots\" content=\"index, follow, max-snippet:-1, max-image-preview:large, max-video-preview:-1\" \/>\n<link rel=\"canonical\" href=\"https:\/\/twinsolar.eu\/fr\/research\/\" \/>\n<meta property=\"og:locale\" content=\"fr_FR\" \/>\n<meta property=\"og:type\" content=\"article\" \/>\n<meta property=\"og:title\" content=\"Research - Twinsolar\" \/>\n<meta property=\"og:description\" content=\"Research Key scientific issues to massively integrates solar energy into non-interconnected zones: stability, energy balance, anticipation\u00a0 Non-interconnected zones, such as La Reunion or other islands, face specific issues to integrate [&hellip;]\" \/>\n<meta property=\"og:url\" content=\"https:\/\/twinsolar.eu\/fr\/research\/\" \/>\n<meta property=\"og:site_name\" content=\"Twinsolar\" \/>\n<meta property=\"article:modified_time\" content=\"2023-09-01T10:28:58+00:00\" \/>\n<meta property=\"og:image\" content=\"https:\/\/twinsolar.eu\/wp-content\/uploads\/2023\/07\/Campus_Terre_Sainte_annote.jpg\" \/>\n<meta name=\"twitter:card\" content=\"summary_large_image\" \/>\n<meta name=\"twitter:site\" content=\"@TwInSolar_HE\" \/>\n<meta name=\"twitter:label1\" content=\"Dur\u00e9e de lecture estim\u00e9e\" \/>\n\t<meta name=\"twitter:data1\" content=\"3 minutes\" \/>\n<script type=\"application\/ld+json\" class=\"yoast-schema-graph\">{\"@context\":\"https:\/\/schema.org\",\"@graph\":[{\"@type\":\"WebPage\",\"@id\":\"https:\/\/twinsolar.eu\/en\/research\/\",\"url\":\"https:\/\/twinsolar.eu\/en\/research\/\",\"name\":\"Research - Twinsolar\",\"isPartOf\":{\"@id\":\"https:\/\/twinsolar.eu\/fr\/#website\"},\"datePublished\":\"2023-07-04T05:13:09+00:00\",\"dateModified\":\"2023-09-01T10:28:58+00:00\",\"breadcrumb\":{\"@id\":\"https:\/\/twinsolar.eu\/en\/research\/#breadcrumb\"},\"inLanguage\":\"fr-FR\",\"potentialAction\":[{\"@type\":\"ReadAction\",\"target\":[\"https:\/\/twinsolar.eu\/en\/research\/\"]}]},{\"@type\":\"BreadcrumbList\",\"@id\":\"https:\/\/twinsolar.eu\/en\/research\/#breadcrumb\",\"itemListElement\":[{\"@type\":\"ListItem\",\"position\":1,\"name\":\"Accueil\",\"item\":\"https:\/\/twinsolar.eu\/en\/\"},{\"@type\":\"ListItem\",\"position\":2,\"name\":\"Research\"}]},{\"@type\":\"WebSite\",\"@id\":\"https:\/\/twinsolar.eu\/fr\/#website\",\"url\":\"https:\/\/twinsolar.eu\/fr\/\",\"name\":\"Twinsolar\",\"description\":\"\",\"publisher\":{\"@id\":\"https:\/\/twinsolar.eu\/fr\/#organization\"},\"potentialAction\":[{\"@type\":\"SearchAction\",\"target\":{\"@type\":\"EntryPoint\",\"urlTemplate\":\"https:\/\/twinsolar.eu\/fr\/?s={search_term_string}\"},\"query-input\":\"required name=search_term_string\"}],\"inLanguage\":\"fr-FR\"},{\"@type\":\"Organization\",\"@id\":\"https:\/\/twinsolar.eu\/fr\/#organization\",\"name\":\"Twinsolar\",\"url\":\"https:\/\/twinsolar.eu\/fr\/\",\"logo\":{\"@type\":\"ImageObject\",\"inLanguage\":\"fr-FR\",\"@id\":\"https:\/\/twinsolar.eu\/fr\/#\/schema\/logo\/image\/\",\"url\":\"https:\/\/twinsolar.eu\/wp-content\/uploads\/2023\/05\/cropped-Favicon-twinsolar.png\",\"contentUrl\":\"https:\/\/twinsolar.eu\/wp-content\/uploads\/2023\/05\/cropped-Favicon-twinsolar.png\",\"width\":512,\"height\":512,\"caption\":\"Twinsolar\"},\"image\":{\"@id\":\"https:\/\/twinsolar.eu\/fr\/#\/schema\/logo\/image\/\"},\"sameAs\":[\"https:\/\/twitter.com\/TwInSolar_HE\"]}]}<\/script>\n<!-- \/ Yoast SEO plugin. -->","yoast_head_json":{"title":"Research - Twinsolar","robots":{"index":"index","follow":"follow","max-snippet":"max-snippet:-1","max-image-preview":"max-image-preview:large","max-video-preview":"max-video-preview:-1"},"canonical":"https:\/\/twinsolar.eu\/fr\/research\/","og_locale":"fr_FR","og_type":"article","og_title":"Research - Twinsolar","og_description":"Research Key scientific issues to massively integrates solar energy into non-interconnected zones: stability, energy balance, anticipation\u00a0 Non-interconnected zones, such as La Reunion or other islands, face specific issues to integrate [&hellip;]","og_url":"https:\/\/twinsolar.eu\/fr\/research\/","og_site_name":"Twinsolar","article_modified_time":"2023-09-01T10:28:58+00:00","og_image":[{"url":"https:\/\/twinsolar.eu\/wp-content\/uploads\/2023\/07\/Campus_Terre_Sainte_annote.jpg"}],"twitter_card":"summary_large_image","twitter_site":"@TwInSolar_HE","twitter_misc":{"Dur\u00e9e de lecture estim\u00e9e":"3 minutes"},"schema":{"@context":"https:\/\/schema.org","@graph":[{"@type":"WebPage","@id":"https:\/\/twinsolar.eu\/en\/research\/","url":"https:\/\/twinsolar.eu\/en\/research\/","name":"Research - Twinsolar","isPartOf":{"@id":"https:\/\/twinsolar.eu\/fr\/#website"},"datePublished":"2023-07-04T05:13:09+00:00","dateModified":"2023-09-01T10:28:58+00:00","breadcrumb":{"@id":"https:\/\/twinsolar.eu\/en\/research\/#breadcrumb"},"inLanguage":"fr-FR","potentialAction":[{"@type":"ReadAction","target":["https:\/\/twinsolar.eu\/en\/research\/"]}]},{"@type":"BreadcrumbList","@id":"https:\/\/twinsolar.eu\/en\/research\/#breadcrumb","itemListElement":[{"@type":"ListItem","position":1,"name":"Accueil","item":"https:\/\/twinsolar.eu\/en\/"},{"@type":"ListItem","position":2,"name":"Research"}]},{"@type":"WebSite","@id":"https:\/\/twinsolar.eu\/fr\/#website","url":"https:\/\/twinsolar.eu\/fr\/","name":"Twinsolar","description":"","publisher":{"@id":"https:\/\/twinsolar.eu\/fr\/#organization"},"potentialAction":[{"@type":"SearchAction","target":{"@type":"EntryPoint","urlTemplate":"https:\/\/twinsolar.eu\/fr\/?s={search_term_string}"},"query-input":"required name=search_term_string"}],"inLanguage":"fr-FR"},{"@type":"Organization","@id":"https:\/\/twinsolar.eu\/fr\/#organization","name":"Twinsolar","url":"https:\/\/twinsolar.eu\/fr\/","logo":{"@type":"ImageObject","inLanguage":"fr-FR","@id":"https:\/\/twinsolar.eu\/fr\/#\/schema\/logo\/image\/","url":"https:\/\/twinsolar.eu\/wp-content\/uploads\/2023\/05\/cropped-Favicon-twinsolar.png","contentUrl":"https:\/\/twinsolar.eu\/wp-content\/uploads\/2023\/05\/cropped-Favicon-twinsolar.png","width":512,"height":512,"caption":"Twinsolar"},"image":{"@id":"https:\/\/twinsolar.eu\/fr\/#\/schema\/logo\/image\/"},"sameAs":["https:\/\/twitter.com\/TwInSolar_HE"]}]}},"_links":{"self":[{"href":"https:\/\/twinsolar.eu\/fr\/wp-json\/wp\/v2\/pages\/1232"}],"collection":[{"href":"https:\/\/twinsolar.eu\/fr\/wp-json\/wp\/v2\/pages"}],"about":[{"href":"https:\/\/twinsolar.eu\/fr\/wp-json\/wp\/v2\/types\/page"}],"author":[{"embeddable":true,"href":"https:\/\/twinsolar.eu\/fr\/wp-json\/wp\/v2\/users\/12"}],"replies":[{"embeddable":true,"href":"https:\/\/twinsolar.eu\/fr\/wp-json\/wp\/v2\/comments?post=1232"}],"version-history":[{"count":34,"href":"https:\/\/twinsolar.eu\/fr\/wp-json\/wp\/v2\/pages\/1232\/revisions"}],"predecessor-version":[{"id":1944,"href":"https:\/\/twinsolar.eu\/fr\/wp-json\/wp\/v2\/pages\/1232\/revisions\/1944"}],"wp:attachment":[{"href":"https:\/\/twinsolar.eu\/fr\/wp-json\/wp\/v2\/media?parent=1232"}],"curies":[{"name":"wp","href":"https:\/\/api.w.org\/{rel}","templated":true}]}}