{"id":1244,"date":"2023-07-04T07:19:56","date_gmt":"2023-07-04T05:19:56","guid":{"rendered":"https:\/\/twinsolar.eu\/?page_id=1244"},"modified":"2023-09-04T08:56:39","modified_gmt":"2023-09-04T06:56:39","slug":"communication-and-dissemination","status":"publish","type":"page","link":"https:\/\/twinsolar.eu\/fr\/communication-and-dissemination\/","title":{"rendered":"Communication et diss\u00e9mination\u00a0"},"content":{"rendered":"<div data-elementor-type=\"wp-page\" data-elementor-id=\"1244\" class=\"elementor elementor-1244\">\n\t\t\t\t\t\t<section class=\"elementor-section elementor-top-section elementor-element elementor-element-40eeaa4 elementor-section-boxed elementor-section-height-default elementor-section-height-default\" data-id=\"40eeaa4\" data-element_type=\"section\">\n\t\t\t\t\t\t<div class=\"elementor-container elementor-column-gap-default\">\n\t\t\t\t\t<div class=\"elementor-column elementor-col-100 elementor-top-column elementor-element elementor-element-8c6d858\" data-id=\"8c6d858\" data-element_type=\"column\">\n\t\t\t<div class=\"elementor-widget-wrap elementor-element-populated\">\n\t\t\t\t\t\t<div class=\"elementor-element elementor-element-0b54dbf elementor-widget elementor-widget-elementskit-heading\" data-id=\"0b54dbf\" data-element_type=\"widget\" data-widget_type=\"elementskit-heading.default\">\n\t\t\t\t<div class=\"elementor-widget-container\">\n\t\t\t<div class=\"ekit-wid-con\" ><div class=\"ekit-heading elementskit-section-title-wraper text_center   ekit_heading_tablet-   ekit_heading_mobile-\"><h2 class=\"ekit-heading--title elementskit-section-title\">Communication et diss\u00e9mination <\/h2><\/div><\/div>\t\t<\/div>\n\t\t\t\t<\/div>\n\t\t\t\t<section class=\"elementor-section elementor-inner-section elementor-element elementor-element-b927dce elementor-section-boxed elementor-section-height-default elementor-section-height-default\" data-id=\"b927dce\" data-element_type=\"section\">\n\t\t\t\t\t\t<div class=\"elementor-container elementor-column-gap-default\">\n\t\t\t\t\t<div class=\"elementor-column elementor-col-50 elementor-inner-column elementor-element elementor-element-6f25c20\" data-id=\"6f25c20\" data-element_type=\"column\">\n\t\t\t<div class=\"elementor-widget-wrap elementor-element-populated\">\n\t\t\t\t\t\t<div class=\"elementor-element elementor-element-41c5492 elementor-widget elementor-widget-text-editor\" data-id=\"41c5492\" data-element_type=\"widget\" data-widget_type=\"text-editor.default\">\n\t\t\t\t<div class=\"elementor-widget-container\">\n\t\t\t<style>\/*! elementor - v3.19.0 - 07-02-2024 *\/\n.elementor-widget-text-editor.elementor-drop-cap-view-stacked .elementor-drop-cap{background-color:#69727d;color:#fff}.elementor-widget-text-editor.elementor-drop-cap-view-framed .elementor-drop-cap{color:#69727d;border:3px solid;background-color:transparent}.elementor-widget-text-editor:not(.elementor-drop-cap-view-default) .elementor-drop-cap{margin-top:8px}.elementor-widget-text-editor:not(.elementor-drop-cap-view-default) .elementor-drop-cap-letter{width:1em;height:1em}.elementor-widget-text-editor .elementor-drop-cap{float:left;text-align:center;line-height:1;font-size:50px}.elementor-widget-text-editor .elementor-drop-cap-letter{display:inline-block}<\/style>\t\t\t\t<p>Coordonn\u00e9es par la CRPM et associant tous les partenaires, les activit\u00e9s de communication et de diffusion sont structur\u00e9es sur la base d'un\u00a0<span style=\"font-weight: bolder;\">plan de communication et de diffusion sp\u00e9cifique<\/span>, qui vise \u00e0 partager les bonnes pratiques et les r\u00e9sultats du projet avec ses publics cibles. Pour faciliter ces efforts, du mat\u00e9riel promotionnel, notamment une vid\u00e9o, et des outils de communication num\u00e9rique (m\u00e9dias sociaux, site web...) sont d\u00e9velopp\u00e9s tout au long du projet.\u00a0<\/p><p>Capitalisant sur les connaissances transf\u00e9r\u00e9es gr\u00e2ce aux activit\u00e9s de jumelage, et conform\u00e9ment \u00e0 la strat\u00e9gie de sp\u00e9cialisation intelligente en mati\u00e8re de recherche et d'innovation (RIS3), Nexa organise\u00a0<span style=\"font-weight: bolder;\">une s\u00e9rie de s\u00e9minaires, un atelier sur le dialogue r\u00e9gional entre sciences et politiques, et un forum r\u00e9gional Horizon Europe.<\/span>Ces actions permettront de diffuser les bonnes pratiques identifi\u00e9es pour renforcer la communaut\u00e9 R&amp;I de La R\u00e9union et de faciliter les synergies futures ainsi que la participation \u00e0 Horizon Europe.\u00a0<\/p>\t\t\t\t\t\t<\/div>\n\t\t\t\t<\/div>\n\t\t\t\t\t<\/div>\n\t\t<\/div>\n\t\t\t\t<div class=\"elementor-column elementor-col-50 elementor-inner-column elementor-element elementor-element-2bc8c5c\" data-id=\"2bc8c5c\" data-element_type=\"column\">\n\t\t\t<div class=\"elementor-widget-wrap elementor-element-populated\">\n\t\t\t\t\t\t<div class=\"elementor-element elementor-element-31ba57d elementor-widget elementor-widget-image\" data-id=\"31ba57d\" data-element_type=\"widget\" data-widget_type=\"image.default\">\n\t\t\t\t<div class=\"elementor-widget-container\">\n\t\t\t<style>\/*! elementor - v3.19.0 - 07-02-2024 *\/\n.elementor-widget-image{text-align:center}.elementor-widget-image a{display:inline-block}.elementor-widget-image a img[src$=\".svg\"]{width:48px}.elementor-widget-image img{vertical-align:middle;display:inline-block}<\/style>\t\t\t\t\t\t\t\t\t\t<img fetchpriority=\"high\" decoding=\"async\" width=\"800\" height=\"450\" src=\"https:\/\/twinsolar.eu\/wp-content\/uploads\/2023\/07\/Twinsolar-Seminaire-1-05-1024x576.jpeg\" class=\"attachment-large size-large wp-image-1227\" alt=\"Solar energy La Reunion research experiment TwInSolar solar energy Reunion\" srcset=\"https:\/\/twinsolar.eu\/wp-content\/uploads\/2023\/07\/Twinsolar-Seminaire-1-05-1024x576.jpeg 1024w, https:\/\/twinsolar.eu\/wp-content\/uploads\/2023\/07\/Twinsolar-Seminaire-1-05-300x169.jpeg 300w, https:\/\/twinsolar.eu\/wp-content\/uploads\/2023\/07\/Twinsolar-Seminaire-1-05-768x432.jpeg 768w, https:\/\/twinsolar.eu\/wp-content\/uploads\/2023\/07\/Twinsolar-Seminaire-1-05-18x10.jpeg 18w, https:\/\/twinsolar.eu\/wp-content\/uploads\/2023\/07\/Twinsolar-Seminaire-1-05.jpeg 1280w\" sizes=\"(max-width: 800px) 100vw, 800px\" \/>\t\t\t\t\t\t\t\t\t\t\t\t\t<\/div>\n\t\t\t\t<\/div>\n\t\t\t\t\t<\/div>\n\t\t<\/div>\n\t\t\t\t\t<\/div>\n\t\t<\/section>\n\t\t\t\t<section class=\"elementor-section elementor-inner-section elementor-element elementor-element-3b8c6e7 elementor-section-boxed elementor-section-height-default elementor-section-height-default\" data-id=\"3b8c6e7\" data-element_type=\"section\">\n\t\t\t\t\t\t<div class=\"elementor-container elementor-column-gap-default\">\n\t\t\t\t\t<div class=\"elementor-column elementor-col-100 elementor-inner-column elementor-element elementor-element-9757acc\" data-id=\"9757acc\" data-element_type=\"column\">\n\t\t\t<div class=\"elementor-widget-wrap elementor-element-populated\">\n\t\t\t\t\t\t<div class=\"elementor-element elementor-element-970e467 elementor-widget elementor-widget-text-editor\" data-id=\"970e467\" data-element_type=\"widget\" data-widget_type=\"text-editor.default\">\n\t\t\t\t<div class=\"elementor-widget-container\">\n\t\t\t\t\t\t\t<p>En ce qui concerne l'\u00e9laboration des politiques,\u00a0<span style=\"font-weight: bolder;\">des ateliers sur les bonnes pratiques<\/span>\u00a0facilitent la discussion entre les d\u00e9cideurs des r\u00e9gions ultrap\u00e9riph\u00e9riques et d'autres \u00eeles et r\u00e9gions \u00e9loign\u00e9es, autour des principaux d\u00e9fis et solutions li\u00e9s \u00e0 la R&amp;I et \u00e0 l'\u00e9nergie solaire. Un\u00a0<span style=\"font-weight: bolder;\">dernier atelier international<\/span>\u00a0sera organis\u00e9 \u00e0 Bruxelles pour conclure ce travail de trois ans dans le cadre du projet, et \u00e9baucher les possibilit\u00e9s de poursuite.\u00a0<\/p><p>Enfin, l'UR produira le\u00a0<span style=\"font-weight: bolder;\">plan de d\u00e9veloppement commercial de TwInSolar<\/span>\u00a0et dirigera la production de la\u00a0<span style=\"font-weight: bolder;\">feuille de route d'exploitation des r\u00e9sultats.<\/span>.\u00a0<\/p>\t\t\t\t\t\t<\/div>\n\t\t\t\t<\/div>\n\t\t\t\t\t<\/div>\n\t\t<\/div>\n\t\t\t\t\t<\/div>\n\t\t<\/section>\n\t\t\t\t\t<\/div>\n\t\t<\/div>\n\t\t\t\t\t<\/div>\n\t\t<\/section>\n\t\t\t\t<\/div>","protected":false},"excerpt":{"rendered":"<p>Communication and dissemination Coordinated by the CPMR and associating all partners, communication and dissemination activities are being structured based on a\u00a0specific communication and dissemination plan, which aims at sharing the [&hellip;]<\/p>","protected":false},"author":12,"featured_media":0,"parent":0,"menu_order":0,"comment_status":"closed","ping_status":"closed","template":"","meta":{"_tec_requires_first_save":true,"om_disable_all_campaigns":false,"_monsterinsights_skip_tracking":false,"_monsterinsights_sitenote_active":false,"_monsterinsights_sitenote_note":"","_monsterinsights_sitenote_category":0,"_uf_show_specific_survey":0,"_uf_disable_surveys":false,"_EventAllDay":false,"_EventTimezone":"","_EventStartDate":"","_EventEndDate":"","_EventStartDateUTC":"","_EventEndDateUTC":"","_EventShowMap":false,"_EventShowMapLink":false,"_EventURL":"","_EventCost":"","_EventCostDescription":"","_EventCurrencySymbol":"","_EventCurrencyCode":"","_EventCurrencyPosition":"","_EventDateTimeSeparator":"","_EventTimeRangeSeparator":"","_EventOrganizerID":[],"_EventVenueID":[],"_OrganizerEmail":"","_OrganizerPhone":"","_OrganizerWebsite":"","_VenueAddress":"","_VenueCity":"","_VenueCountry":"","_VenueProvince":"","_VenueState":"","_VenueZip":"","_VenuePhone":"","_VenueURL":"","_VenueStateProvince":"","_VenueLat":"","_VenueLng":"","_VenueShowMap":false,"_VenueShowMapLink":false,"_tribe_blocks_recurrence_rules":"","_tribe_blocks_recurrence_description":"","_tribe_blocks_recurrence_exclusions":""},"aioseo_notices":[],"yoast_head":"<!-- This site is optimized with the Yoast SEO plugin v21.5 - https:\/\/yoast.com\/wordpress\/plugins\/seo\/ -->\n<title>Communication and dissemination\u00a0 - Twinsolar<\/title>\n<meta name=\"robots\" content=\"index, follow, max-snippet:-1, max-image-preview:large, max-video-preview:-1\" \/>\n<link rel=\"canonical\" href=\"https:\/\/twinsolar.eu\/fr\/communication-and-dissemination\/\" \/>\n<meta property=\"og:locale\" content=\"fr_FR\" \/>\n<meta property=\"og:type\" content=\"article\" \/>\n<meta property=\"og:title\" content=\"Communication and dissemination\u00a0 - Twinsolar\" \/>\n<meta property=\"og:description\" content=\"Communication and dissemination Coordinated by the CPMR and associating all partners, communication and dissemination activities are being structured based on a\u00a0specific communication and dissemination plan, which aims at sharing the [&hellip;]\" \/>\n<meta property=\"og:url\" content=\"https:\/\/twinsolar.eu\/fr\/communication-and-dissemination\/\" \/>\n<meta property=\"og:site_name\" content=\"Twinsolar\" \/>\n<meta property=\"article:modified_time\" content=\"2023-09-04T06:56:39+00:00\" \/>\n<meta property=\"og:image\" content=\"https:\/\/twinsolar.eu\/wp-content\/uploads\/2023\/07\/Twinsolar-Seminaire-1-05-1024x576.jpeg\" \/>\n<meta name=\"twitter:card\" content=\"summary_large_image\" \/>\n<meta name=\"twitter:site\" content=\"@TwInSolar_HE\" \/>\n<meta name=\"twitter:label1\" content=\"Dur\u00e9e de lecture estim\u00e9e\" \/>\n\t<meta name=\"twitter:data1\" content=\"2 minutes\" \/>\n<script type=\"application\/ld+json\" class=\"yoast-schema-graph\">{\"@context\":\"https:\/\/schema.org\",\"@graph\":[{\"@type\":\"WebPage\",\"@id\":\"https:\/\/twinsolar.eu\/en\/communication-and-dissemination\/\",\"url\":\"https:\/\/twinsolar.eu\/en\/communication-and-dissemination\/\",\"name\":\"Communication and dissemination\u00a0 - Twinsolar\",\"isPartOf\":{\"@id\":\"https:\/\/twinsolar.eu\/fr\/#website\"},\"datePublished\":\"2023-07-04T05:19:56+00:00\",\"dateModified\":\"2023-09-04T06:56:39+00:00\",\"breadcrumb\":{\"@id\":\"https:\/\/twinsolar.eu\/en\/communication-and-dissemination\/#breadcrumb\"},\"inLanguage\":\"fr-FR\",\"potentialAction\":[{\"@type\":\"ReadAction\",\"target\":[\"https:\/\/twinsolar.eu\/en\/communication-and-dissemination\/\"]}]},{\"@type\":\"BreadcrumbList\",\"@id\":\"https:\/\/twinsolar.eu\/en\/communication-and-dissemination\/#breadcrumb\",\"itemListElement\":[{\"@type\":\"ListItem\",\"position\":1,\"name\":\"Accueil\",\"item\":\"https:\/\/twinsolar.eu\/en\/\"},{\"@type\":\"ListItem\",\"position\":2,\"name\":\"Communication and dissemination\u00a0\"}]},{\"@type\":\"WebSite\",\"@id\":\"https:\/\/twinsolar.eu\/fr\/#website\",\"url\":\"https:\/\/twinsolar.eu\/fr\/\",\"name\":\"Twinsolar\",\"description\":\"\",\"publisher\":{\"@id\":\"https:\/\/twinsolar.eu\/fr\/#organization\"},\"potentialAction\":[{\"@type\":\"SearchAction\",\"target\":{\"@type\":\"EntryPoint\",\"urlTemplate\":\"https:\/\/twinsolar.eu\/fr\/?s={search_term_string}\"},\"query-input\":\"required name=search_term_string\"}],\"inLanguage\":\"fr-FR\"},{\"@type\":\"Organization\",\"@id\":\"https:\/\/twinsolar.eu\/fr\/#organization\",\"name\":\"Twinsolar\",\"url\":\"https:\/\/twinsolar.eu\/fr\/\",\"logo\":{\"@type\":\"ImageObject\",\"inLanguage\":\"fr-FR\",\"@id\":\"https:\/\/twinsolar.eu\/fr\/#\/schema\/logo\/image\/\",\"url\":\"https:\/\/twinsolar.eu\/wp-content\/uploads\/2023\/05\/cropped-Favicon-twinsolar.png\",\"contentUrl\":\"https:\/\/twinsolar.eu\/wp-content\/uploads\/2023\/05\/cropped-Favicon-twinsolar.png\",\"width\":512,\"height\":512,\"caption\":\"Twinsolar\"},\"image\":{\"@id\":\"https:\/\/twinsolar.eu\/fr\/#\/schema\/logo\/image\/\"},\"sameAs\":[\"https:\/\/twitter.com\/TwInSolar_HE\"]}]}<\/script>\n<!-- \/ Yoast SEO plugin. -->","yoast_head_json":{"title":"Communication and dissemination\u00a0 - Twinsolar","robots":{"index":"index","follow":"follow","max-snippet":"max-snippet:-1","max-image-preview":"max-image-preview:large","max-video-preview":"max-video-preview:-1"},"canonical":"https:\/\/twinsolar.eu\/fr\/communication-and-dissemination\/","og_locale":"fr_FR","og_type":"article","og_title":"Communication and dissemination\u00a0 - Twinsolar","og_description":"Communication and dissemination Coordinated by the CPMR and associating all partners, communication and dissemination activities are being structured based on a\u00a0specific communication and dissemination plan, which aims at sharing the [&hellip;]","og_url":"https:\/\/twinsolar.eu\/fr\/communication-and-dissemination\/","og_site_name":"Twinsolar","article_modified_time":"2023-09-04T06:56:39+00:00","og_image":[{"url":"https:\/\/twinsolar.eu\/wp-content\/uploads\/2023\/07\/Twinsolar-Seminaire-1-05-1024x576.jpeg"}],"twitter_card":"summary_large_image","twitter_site":"@TwInSolar_HE","twitter_misc":{"Dur\u00e9e de lecture estim\u00e9e":"2 minutes"},"schema":{"@context":"https:\/\/schema.org","@graph":[{"@type":"WebPage","@id":"https:\/\/twinsolar.eu\/en\/communication-and-dissemination\/","url":"https:\/\/twinsolar.eu\/en\/communication-and-dissemination\/","name":"Communication and dissemination\u00a0 - Twinsolar","isPartOf":{"@id":"https:\/\/twinsolar.eu\/fr\/#website"},"datePublished":"2023-07-04T05:19:56+00:00","dateModified":"2023-09-04T06:56:39+00:00","breadcrumb":{"@id":"https:\/\/twinsolar.eu\/en\/communication-and-dissemination\/#breadcrumb"},"inLanguage":"fr-FR","potentialAction":[{"@type":"ReadAction","target":["https:\/\/twinsolar.eu\/en\/communication-and-dissemination\/"]}]},{"@type":"BreadcrumbList","@id":"https:\/\/twinsolar.eu\/en\/communication-and-dissemination\/#breadcrumb","itemListElement":[{"@type":"ListItem","position":1,"name":"Accueil","item":"https:\/\/twinsolar.eu\/en\/"},{"@type":"ListItem","position":2,"name":"Communication and dissemination\u00a0"}]},{"@type":"WebSite","@id":"https:\/\/twinsolar.eu\/fr\/#website","url":"https:\/\/twinsolar.eu\/fr\/","name":"Twinsolar","description":"","publisher":{"@id":"https:\/\/twinsolar.eu\/fr\/#organization"},"potentialAction":[{"@type":"SearchAction","target":{"@type":"EntryPoint","urlTemplate":"https:\/\/twinsolar.eu\/fr\/?s={search_term_string}"},"query-input":"required name=search_term_string"}],"inLanguage":"fr-FR"},{"@type":"Organization","@id":"https:\/\/twinsolar.eu\/fr\/#organization","name":"Twinsolar","url":"https:\/\/twinsolar.eu\/fr\/","logo":{"@type":"ImageObject","inLanguage":"fr-FR","@id":"https:\/\/twinsolar.eu\/fr\/#\/schema\/logo\/image\/","url":"https:\/\/twinsolar.eu\/wp-content\/uploads\/2023\/05\/cropped-Favicon-twinsolar.png","contentUrl":"https:\/\/twinsolar.eu\/wp-content\/uploads\/2023\/05\/cropped-Favicon-twinsolar.png","width":512,"height":512,"caption":"Twinsolar"},"image":{"@id":"https:\/\/twinsolar.eu\/fr\/#\/schema\/logo\/image\/"},"sameAs":["https:\/\/twitter.com\/TwInSolar_HE"]}]}},"_links":{"self":[{"href":"https:\/\/twinsolar.eu\/fr\/wp-json\/wp\/v2\/pages\/1244"}],"collection":[{"href":"https:\/\/twinsolar.eu\/fr\/wp-json\/wp\/v2\/pages"}],"about":[{"href":"https:\/\/twinsolar.eu\/fr\/wp-json\/wp\/v2\/types\/page"}],"author":[{"embeddable":true,"href":"https:\/\/twinsolar.eu\/fr\/wp-json\/wp\/v2\/users\/12"}],"replies":[{"embeddable":true,"href":"https:\/\/twinsolar.eu\/fr\/wp-json\/wp\/v2\/comments?post=1244"}],"version-history":[{"count":13,"href":"https:\/\/twinsolar.eu\/fr\/wp-json\/wp\/v2\/pages\/1244\/revisions"}],"predecessor-version":[{"id":1966,"href":"https:\/\/twinsolar.eu\/fr\/wp-json\/wp\/v2\/pages\/1244\/revisions\/1966"}],"wp:attachment":[{"href":"https:\/\/twinsolar.eu\/fr\/wp-json\/wp\/v2\/media?parent=1244"}],"curies":[{"name":"wp","href":"https:\/\/api.w.org\/{rel}","templated":true}]}}