{"id":26,"date":"2023-03-06T11:38:57","date_gmt":"2023-03-06T10:38:57","guid":{"rendered":"https:\/\/twinsolar.eu\/?page_id=26"},"modified":"2024-04-30T15:33:55","modified_gmt":"2024-04-30T13:33:55","slug":"focus-on-ur-and-piment","status":"publish","type":"page","link":"https:\/\/twinsolar.eu\/fr\/focus-on-ur-and-piment\/","title":{"rendered":"Focus on UR and Piment Laboratory"},"content":{"rendered":"<div data-elementor-type=\"wp-page\" data-elementor-id=\"26\" class=\"elementor elementor-26\">\n\t\t\t\t\t\t<section class=\"elementor-section elementor-top-section elementor-element elementor-element-05f239a elementor-section-boxed elementor-section-height-default elementor-section-height-default\" data-id=\"05f239a\" data-element_type=\"section\">\n\t\t\t\t\t\t<div class=\"elementor-container elementor-column-gap-default\">\n\t\t\t\t\t<div class=\"elementor-column elementor-col-100 elementor-top-column elementor-element elementor-element-503bac5\" data-id=\"503bac5\" data-element_type=\"column\">\n\t\t\t<div class=\"elementor-widget-wrap elementor-element-populated\">\n\t\t\t\t\t\t<div class=\"elementor-element elementor-element-659b8ad elementor-widget elementor-widget-elementskit-heading\" data-id=\"659b8ad\" data-element_type=\"widget\" data-widget_type=\"elementskit-heading.default\">\n\t\t\t\t<div class=\"elementor-widget-container\">\n\t\t\t<div class=\"ekit-wid-con\" ><div class=\"ekit-heading elementskit-section-title-wraper text_center   ekit_heading_tablet-   ekit_heading_mobile-\"><h2 class=\"ekit-heading--title elementskit-section-title\">University of La Reunion and its laboratories in the field of energy<\/h2><\/div><\/div>\t\t<\/div>\n\t\t\t\t<\/div>\n\t\t\t\t<div class=\"elementor-element elementor-element-4b9b160 elementor-widget elementor-widget-text-editor\" data-id=\"4b9b160\" data-element_type=\"widget\" data-widget_type=\"text-editor.default\">\n\t\t\t\t<div class=\"elementor-widget-container\">\n\t\t\t<style>\/*! elementor - v3.19.0 - 07-02-2024 *\/\n.elementor-widget-text-editor.elementor-drop-cap-view-stacked .elementor-drop-cap{background-color:#69727d;color:#fff}.elementor-widget-text-editor.elementor-drop-cap-view-framed .elementor-drop-cap{color:#69727d;border:3px solid;background-color:transparent}.elementor-widget-text-editor:not(.elementor-drop-cap-view-default) .elementor-drop-cap{margin-top:8px}.elementor-widget-text-editor:not(.elementor-drop-cap-view-default) .elementor-drop-cap-letter{width:1em;height:1em}.elementor-widget-text-editor .elementor-drop-cap{float:left;text-align:center;line-height:1;font-size:50px}.elementor-widget-text-editor .elementor-drop-cap-letter{display:inline-block}<\/style>\t\t\t\t<p><img fetchpriority=\"high\" decoding=\"async\" class=\"aligncenter\" src=\"https:\/\/www.univ-reunion.fr\/wp-content\/uploads\/2022\/10\/DIRCOM_2022_Bandeau-long_Universite_10-scaled.webp\" alt=\"Picture of the main campus of University of La R\u00e9union\" width=\"2560\" height=\"679\" \/><\/p><p><strong><a style=\"font-family: var( --e-global-typography-text-font-family ), Sans-serif; background-color: #ffffff; font-size: 1rem;\" href=\"https:\/\/www.univ-reunion.fr\/\" target=\"_blank\" rel=\"noopener\">Universit\u00e9 de La R\u00e9union<\/a><\/strong><span style=\"color: #808080;\"><b> (UR) <\/b>is a French public higher education and research institution, located in the heart of the Indian\u00a0<span style=\"font-family: var( --e-global-typography-text-font-family ), Sans-serif; font-weight: var( --e-global-typography-text-font-weight ); font-size: 1rem;\">Ocean, and one of Europe&#8217;s outermost regions.\u00a0<\/span><\/span><\/p><p class=\" translation-block\"><span style=\"color: var( --e-global-color-text );font-family: var( --e-global-typography-text-font-family ), Sans-serif\"><\/span><span>En raison de sa position g\u00e9ostrat\u00e9gique unique, il s'agit de la seule universit\u00e9 europ\u00e9enne de la r\u00e9gion et elle joue un r\u00f4le cl\u00e9 d'interface entre l'Europe et l'oc\u00e9an Indien. <\/span><\/p><div class=\"wp-block-image\"><img decoding=\"async\" class=\"alignright wp-image-1750\" src=\"https:\/\/twinsolar.eu\/wp-content\/uploads\/2023\/09\/Campus_Terre-Sainte-4-1024x592.jpeg\" alt=\"Picture of the Terre Sainte Campus\" width=\"500\" height=\"289\" srcset=\"https:\/\/twinsolar.eu\/wp-content\/uploads\/2023\/09\/Campus_Terre-Sainte-4-1024x592.jpeg 1024w, https:\/\/twinsolar.eu\/wp-content\/uploads\/2023\/09\/Campus_Terre-Sainte-4-300x173.jpeg 300w, https:\/\/twinsolar.eu\/wp-content\/uploads\/2023\/09\/Campus_Terre-Sainte-4-768x444.jpeg 768w, https:\/\/twinsolar.eu\/wp-content\/uploads\/2023\/09\/Campus_Terre-Sainte-4-1536x888.jpeg 1536w, https:\/\/twinsolar.eu\/wp-content\/uploads\/2023\/09\/Campus_Terre-Sainte-4-2048x1184.jpeg 2048w, https:\/\/twinsolar.eu\/wp-content\/uploads\/2023\/09\/Campus_Terre-Sainte-4-18x10.jpeg 18w\" sizes=\"(max-width: 500px) 100vw, 500px\" \/><\/div><p><span style=\"color: #808080; font-family: var( --e-global-typography-text-font-family ), Sans-serif; font-weight: var( --e-global-typography-text-font-weight ); font-size: 1rem;\">L'UR est compos\u00e9e de 5 Facult\u00e9s, 3 Instituts, 1 Observatoire des sciences de l'univers, 1 Ecole d'ing\u00e9nieurs et de 22 laboratoire de recherche, parmi lesquels les laboratoires\u00a0<\/span><span style=\"color: var( --e-global-color-text ); font-family: var( --e-global-typography-text-font-family ), Sans-serif; font-weight: var( --e-global-typography-text-font-weight ); font-size: 1rem;\"><span style=\"color: #808080;\">1 School of Engineering and 21 advanced research laboratories among which the laboratories<\/span>\u00a0<\/span><b style=\"font-family: var( --e-global-typography-text-font-family ), Sans-serif; background-color: #ffffff; font-size: 1rem;\"><a style=\"font-family: var( --e-global-typography-text-font-family ), Sans-serif; background-color: #ffffff; font-size: 1rem;\" href=\"https:\/\/piment.univ-reunion.fr\/qui-sommes-nous-1-1\" target=\"_blank\" rel=\"noopener\">PIMENT<\/a><span style=\"font-weight: var( --e-global-typography-text-font-weight );\">\u00a0<\/span><\/b><span style=\"color: var( --e-global-color-text ); font-family: var( --e-global-typography-text-font-family ), Sans-serif; font-weight: var( --e-global-typography-text-font-weight ); font-size: 1rem;\">et\u00a0<\/span><a href=\"https:\/\/www.energylab.re\" target=\"_blank\" rel=\"noopener\"><b>Energy Lab<\/b><\/a><span style=\"color: var( --e-global-color-text ); font-family: var( --e-global-typography-text-font-family ), Sans-serif; font-weight: var( --e-global-typography-text-font-weight ); font-size: 1rem;\">.<\/span><\/p><p class=\" translation-block\"><strong>Le laboratoire de Physique et d'Ing\u00e9nieurie Math\u00e9matique pour l'Energie et l'Environnement (PIMENT)<\/strong> regroupe\u00a0plus de 60 chercheurs.<\/span><\/p><p><span style=\"color: var( --e-global-color-text ); font-family: var( --e-global-typography-text-font-family ), Sans-serif; font-weight: var( --e-global-typography-text-font-weight ); font-size: 1rem;\"> Ses th\u00e9matiques de recherche sont :<\/span><\/p><p style=\"text-align: left;\" class=\" translation-block\"><b><span style=\"color: var( --e-global-color-text );font-family: var( --e-global-typography-text-font-family ), Sans-serif;font-size: 1rem\">I<\/span><span style=\"color: var( --e-global-color-text );font-family: var( --e-global-typography-text-font-family ), Sans-serif;font-size: 1rem\">. <\/span><\/b><span style=\"color: var( --e-global-color-text );font-family: var( --e-global-typography-text-font-family ), Sans-serif;font-size: 1rem\"><b>L'efficacit\u00e9 \u00e9nerg\u00e9tique des b\u00e2timents, quartiers et  <\/b><\/span><span style=\"font-weight: bold;color: var( --e-global-color-text );font-family: var( --e-global-typography-text-font-family ), Sans-serif;font-size: 1rem\">villes, <\/span><\/p><p style=\"text-align: left;\" class=\" translation-block\"><b><span style=\"color: var( --e-global-color-text );font-family: var( --e-global-typography-text-font-family ), Sans-serif;font-size: 1rem\">II<\/span><span style=\"color: var( --e-global-color-text );font-family: var( --e-global-typography-text-font-family ), Sans-serif;font-size: 1rem\">. Les \u00e9nergies renouvelables <\/span><\/b><\/p><p style=\"text-align: left;\"><span style=\"color: var( --e-global-color-text ); font-family: var( --e-global-typography-text-font-family ), Sans-serif; font-size: 1rem;\"><b>III. Les math\u00e9matiques appliqu\u00e9es<\/b><\/span><\/p><p>\u00a0<\/p><p style=\"text-align: center;\" class=\" translation-block\">Avec TwInSolar, l'UR b\u00e9n\u00e9ficiera des\u00a0activit\u00e9s de jumelage et de transfert de connaissances, mais elle fournira \u00e9galement une \u00e9tude de cas et des comp\u00e9tences li\u00e9es aux zones isol\u00e9es.<\/p>\t\t\t\t\t\t<\/div>\n\t\t\t\t<\/div>\n\t\t\t\t\t<\/div>\n\t\t<\/div>\n\t\t\t\t\t<\/div>\n\t\t<\/section>\n\t\t\t\t<\/div>","protected":false},"excerpt":{"rendered":"<p>University of La Reunion and its laboratories in the field of energy University of La Reunion (UR) is a French public higher education and research institution, located in the heart [&hellip;]<\/p>","protected":false},"author":12,"featured_media":0,"parent":0,"menu_order":0,"comment_status":"closed","ping_status":"closed","template":"","meta":{"_tec_requires_first_save":true,"om_disable_all_campaigns":false,"_monsterinsights_skip_tracking":false,"_monsterinsights_sitenote_active":false,"_monsterinsights_sitenote_note":"","_monsterinsights_sitenote_category":0,"_uf_show_specific_survey":0,"_uf_disable_surveys":false,"_EventAllDay":false,"_EventTimezone":"","_EventStartDate":"","_EventEndDate":"","_EventStartDateUTC":"","_EventEndDateUTC":"","_EventShowMap":false,"_EventShowMapLink":false,"_EventURL":"","_EventCost":"","_EventCostDescription":"","_EventCurrencySymbol":"","_EventCurrencyCode":"","_EventCurrencyPosition":"","_EventDateTimeSeparator":"","_EventTimeRangeSeparator":"","_EventOrganizerID":[],"_EventVenueID":[],"_OrganizerEmail":"","_OrganizerPhone":"","_OrganizerWebsite":"","_VenueAddress":"","_VenueCity":"","_VenueCountry":"","_VenueProvince":"","_VenueState":"","_VenueZip":"","_VenuePhone":"","_VenueURL":"","_VenueStateProvince":"","_VenueLat":"","_VenueLng":"","_VenueShowMap":false,"_VenueShowMapLink":false,"_tribe_blocks_recurrence_rules":"","_tribe_blocks_recurrence_description":"","_tribe_blocks_recurrence_exclusions":""},"aioseo_notices":[],"yoast_head":"<!-- This site is optimized with the Yoast SEO plugin v21.5 - https:\/\/yoast.com\/wordpress\/plugins\/seo\/ -->\n<title>Focus on UR and Piment Laboratory - Twinsolar<\/title>\n<meta name=\"robots\" content=\"index, follow, max-snippet:-1, max-image-preview:large, max-video-preview:-1\" \/>\n<link rel=\"canonical\" href=\"https:\/\/twinsolar.eu\/fr\/focus-on-ur-and-piment\/\" \/>\n<meta property=\"og:locale\" content=\"fr_FR\" \/>\n<meta property=\"og:type\" content=\"article\" \/>\n<meta property=\"og:title\" content=\"Focus on UR and Piment Laboratory - Twinsolar\" \/>\n<meta property=\"og:description\" content=\"University of La Reunion and its laboratories in the field of energy University of La Reunion (UR) is a French public higher education and research institution, located in the heart [&hellip;]\" \/>\n<meta property=\"og:url\" content=\"https:\/\/twinsolar.eu\/fr\/focus-on-ur-and-piment\/\" \/>\n<meta property=\"og:site_name\" content=\"Twinsolar\" \/>\n<meta property=\"article:modified_time\" content=\"2024-04-30T13:33:55+00:00\" \/>\n<meta property=\"og:image\" content=\"https:\/\/www.univ-reunion.fr\/wp-content\/uploads\/2022\/10\/DIRCOM_2022_Bandeau-long_Universite_10-scaled.webp\" \/>\n<meta name=\"twitter:card\" content=\"summary_large_image\" \/>\n<meta name=\"twitter:site\" content=\"@TwInSolar_HE\" \/>\n<meta name=\"twitter:label1\" content=\"Dur\u00e9e de lecture estim\u00e9e\" \/>\n\t<meta name=\"twitter:data1\" content=\"2 minutes\" \/>\n<script type=\"application\/ld+json\" class=\"yoast-schema-graph\">{\"@context\":\"https:\/\/schema.org\",\"@graph\":[{\"@type\":\"WebPage\",\"@id\":\"https:\/\/twinsolar.eu\/en\/focus-on-ur-and-piment\/\",\"url\":\"https:\/\/twinsolar.eu\/en\/focus-on-ur-and-piment\/\",\"name\":\"Focus on UR and Piment Laboratory - Twinsolar\",\"isPartOf\":{\"@id\":\"https:\/\/twinsolar.eu\/fr\/#website\"},\"datePublished\":\"2023-03-06T10:38:57+00:00\",\"dateModified\":\"2024-04-30T13:33:55+00:00\",\"breadcrumb\":{\"@id\":\"https:\/\/twinsolar.eu\/en\/focus-on-ur-and-piment\/#breadcrumb\"},\"inLanguage\":\"fr-FR\",\"potentialAction\":[{\"@type\":\"ReadAction\",\"target\":[\"https:\/\/twinsolar.eu\/en\/focus-on-ur-and-piment\/\"]}]},{\"@type\":\"BreadcrumbList\",\"@id\":\"https:\/\/twinsolar.eu\/en\/focus-on-ur-and-piment\/#breadcrumb\",\"itemListElement\":[{\"@type\":\"ListItem\",\"position\":1,\"name\":\"Accueil\",\"item\":\"https:\/\/twinsolar.eu\/en\/\"},{\"@type\":\"ListItem\",\"position\":2,\"name\":\"Focus on UR and Piment Laboratory\"}]},{\"@type\":\"WebSite\",\"@id\":\"https:\/\/twinsolar.eu\/fr\/#website\",\"url\":\"https:\/\/twinsolar.eu\/fr\/\",\"name\":\"Twinsolar\",\"description\":\"\",\"publisher\":{\"@id\":\"https:\/\/twinsolar.eu\/fr\/#organization\"},\"potentialAction\":[{\"@type\":\"SearchAction\",\"target\":{\"@type\":\"EntryPoint\",\"urlTemplate\":\"https:\/\/twinsolar.eu\/fr\/?s={search_term_string}\"},\"query-input\":\"required name=search_term_string\"}],\"inLanguage\":\"fr-FR\"},{\"@type\":\"Organization\",\"@id\":\"https:\/\/twinsolar.eu\/fr\/#organization\",\"name\":\"Twinsolar\",\"url\":\"https:\/\/twinsolar.eu\/fr\/\",\"logo\":{\"@type\":\"ImageObject\",\"inLanguage\":\"fr-FR\",\"@id\":\"https:\/\/twinsolar.eu\/fr\/#\/schema\/logo\/image\/\",\"url\":\"https:\/\/twinsolar.eu\/wp-content\/uploads\/2023\/05\/cropped-Favicon-twinsolar.png\",\"contentUrl\":\"https:\/\/twinsolar.eu\/wp-content\/uploads\/2023\/05\/cropped-Favicon-twinsolar.png\",\"width\":512,\"height\":512,\"caption\":\"Twinsolar\"},\"image\":{\"@id\":\"https:\/\/twinsolar.eu\/fr\/#\/schema\/logo\/image\/\"},\"sameAs\":[\"https:\/\/twitter.com\/TwInSolar_HE\"]}]}<\/script>\n<!-- \/ Yoast SEO plugin. -->","yoast_head_json":{"title":"Focus on UR and Piment Laboratory - Twinsolar","robots":{"index":"index","follow":"follow","max-snippet":"max-snippet:-1","max-image-preview":"max-image-preview:large","max-video-preview":"max-video-preview:-1"},"canonical":"https:\/\/twinsolar.eu\/fr\/focus-on-ur-and-piment\/","og_locale":"fr_FR","og_type":"article","og_title":"Focus on UR and Piment Laboratory - Twinsolar","og_description":"University of La Reunion and its laboratories in the field of energy University of La Reunion (UR) is a French public higher education and research institution, located in the heart [&hellip;]","og_url":"https:\/\/twinsolar.eu\/fr\/focus-on-ur-and-piment\/","og_site_name":"Twinsolar","article_modified_time":"2024-04-30T13:33:55+00:00","og_image":[{"url":"https:\/\/www.univ-reunion.fr\/wp-content\/uploads\/2022\/10\/DIRCOM_2022_Bandeau-long_Universite_10-scaled.webp"}],"twitter_card":"summary_large_image","twitter_site":"@TwInSolar_HE","twitter_misc":{"Dur\u00e9e de lecture estim\u00e9e":"2 minutes"},"schema":{"@context":"https:\/\/schema.org","@graph":[{"@type":"WebPage","@id":"https:\/\/twinsolar.eu\/en\/focus-on-ur-and-piment\/","url":"https:\/\/twinsolar.eu\/en\/focus-on-ur-and-piment\/","name":"Focus on UR and Piment Laboratory - Twinsolar","isPartOf":{"@id":"https:\/\/twinsolar.eu\/fr\/#website"},"datePublished":"2023-03-06T10:38:57+00:00","dateModified":"2024-04-30T13:33:55+00:00","breadcrumb":{"@id":"https:\/\/twinsolar.eu\/en\/focus-on-ur-and-piment\/#breadcrumb"},"inLanguage":"fr-FR","potentialAction":[{"@type":"ReadAction","target":["https:\/\/twinsolar.eu\/en\/focus-on-ur-and-piment\/"]}]},{"@type":"BreadcrumbList","@id":"https:\/\/twinsolar.eu\/en\/focus-on-ur-and-piment\/#breadcrumb","itemListElement":[{"@type":"ListItem","position":1,"name":"Accueil","item":"https:\/\/twinsolar.eu\/en\/"},{"@type":"ListItem","position":2,"name":"Focus on UR and Piment Laboratory"}]},{"@type":"WebSite","@id":"https:\/\/twinsolar.eu\/fr\/#website","url":"https:\/\/twinsolar.eu\/fr\/","name":"Twinsolar","description":"","publisher":{"@id":"https:\/\/twinsolar.eu\/fr\/#organization"},"potentialAction":[{"@type":"SearchAction","target":{"@type":"EntryPoint","urlTemplate":"https:\/\/twinsolar.eu\/fr\/?s={search_term_string}"},"query-input":"required name=search_term_string"}],"inLanguage":"fr-FR"},{"@type":"Organization","@id":"https:\/\/twinsolar.eu\/fr\/#organization","name":"Twinsolar","url":"https:\/\/twinsolar.eu\/fr\/","logo":{"@type":"ImageObject","inLanguage":"fr-FR","@id":"https:\/\/twinsolar.eu\/fr\/#\/schema\/logo\/image\/","url":"https:\/\/twinsolar.eu\/wp-content\/uploads\/2023\/05\/cropped-Favicon-twinsolar.png","contentUrl":"https:\/\/twinsolar.eu\/wp-content\/uploads\/2023\/05\/cropped-Favicon-twinsolar.png","width":512,"height":512,"caption":"Twinsolar"},"image":{"@id":"https:\/\/twinsolar.eu\/fr\/#\/schema\/logo\/image\/"},"sameAs":["https:\/\/twitter.com\/TwInSolar_HE"]}]}},"_links":{"self":[{"href":"https:\/\/twinsolar.eu\/fr\/wp-json\/wp\/v2\/pages\/26"}],"collection":[{"href":"https:\/\/twinsolar.eu\/fr\/wp-json\/wp\/v2\/pages"}],"about":[{"href":"https:\/\/twinsolar.eu\/fr\/wp-json\/wp\/v2\/types\/page"}],"author":[{"embeddable":true,"href":"https:\/\/twinsolar.eu\/fr\/wp-json\/wp\/v2\/users\/12"}],"replies":[{"embeddable":true,"href":"https:\/\/twinsolar.eu\/fr\/wp-json\/wp\/v2\/comments?post=26"}],"version-history":[{"count":33,"href":"https:\/\/twinsolar.eu\/fr\/wp-json\/wp\/v2\/pages\/26\/revisions"}],"predecessor-version":[{"id":2877,"href":"https:\/\/twinsolar.eu\/fr\/wp-json\/wp\/v2\/pages\/26\/revisions\/2877"}],"wp:attachment":[{"href":"https:\/\/twinsolar.eu\/fr\/wp-json\/wp\/v2\/media?parent=26"}],"curies":[{"name":"wp","href":"https:\/\/api.w.org\/{rel}","templated":true}]}}