{"id":842,"date":"2023-06-06T14:38:21","date_gmt":"2023-06-06T12:38:21","guid":{"rendered":"https:\/\/twinsolar.eu\/?page_id=842"},"modified":"2023-06-07T12:36:57","modified_gmt":"2023-06-07T10:36:57","slug":"mention-legale","status":"publish","type":"page","link":"https:\/\/twinsolar.eu\/fr\/mention-legale\/","title":{"rendered":"Mention l\u00e9gale"},"content":{"rendered":"<div data-elementor-type=\"wp-page\" data-elementor-id=\"842\" class=\"elementor elementor-842\">\n\t\t\t\t\t\t<section class=\"elementor-section elementor-top-section elementor-element elementor-element-77fdc88 elementor-section-boxed elementor-section-height-default elementor-section-height-default\" data-id=\"77fdc88\" data-element_type=\"section\">\n\t\t\t\t\t\t<div class=\"elementor-container elementor-column-gap-default\">\n\t\t\t\t\t<div class=\"elementor-column elementor-col-100 elementor-top-column elementor-element elementor-element-fbf383a\" data-id=\"fbf383a\" data-element_type=\"column\">\n\t\t\t<div class=\"elementor-widget-wrap elementor-element-populated\">\n\t\t\t\t\t\t<div class=\"elementor-element elementor-element-5c5d097 elementor-widget elementor-widget-heading\" data-id=\"5c5d097\" data-element_type=\"widget\" data-widget_type=\"heading.default\">\n\t\t\t\t<div class=\"elementor-widget-container\">\n\t\t\t<style>\/*! elementor - v3.19.0 - 07-02-2024 *\/\n.elementor-heading-title{padding:0;margin:0;line-height:1}.elementor-widget-heading .elementor-heading-title[class*=elementor-size-]>a{color:inherit;font-size:inherit;line-height:inherit}.elementor-widget-heading .elementor-heading-title.elementor-size-small{font-size:15px}.elementor-widget-heading .elementor-heading-title.elementor-size-medium{font-size:19px}.elementor-widget-heading .elementor-heading-title.elementor-size-large{font-size:29px}.elementor-widget-heading .elementor-heading-title.elementor-size-xl{font-size:39px}.elementor-widget-heading .elementor-heading-title.elementor-size-xxl{font-size:59px}<\/style><h1 class=\"elementor-heading-title elementor-size-default\">MENTIONS L\u00c9GALES<\/h1>\t\t<\/div>\n\t\t\t\t<\/div>\n\t\t\t\t<div class=\"elementor-element elementor-element-293c844 elementor-widget elementor-widget-text-editor\" data-id=\"293c844\" data-element_type=\"widget\" data-widget_type=\"text-editor.default\">\n\t\t\t\t<div class=\"elementor-widget-container\">\n\t\t\t<style>\/*! elementor - v3.19.0 - 07-02-2024 *\/\n.elementor-widget-text-editor.elementor-drop-cap-view-stacked .elementor-drop-cap{background-color:#69727d;color:#fff}.elementor-widget-text-editor.elementor-drop-cap-view-framed .elementor-drop-cap{color:#69727d;border:3px solid;background-color:transparent}.elementor-widget-text-editor:not(.elementor-drop-cap-view-default) .elementor-drop-cap{margin-top:8px}.elementor-widget-text-editor:not(.elementor-drop-cap-view-default) .elementor-drop-cap-letter{width:1em;height:1em}.elementor-widget-text-editor .elementor-drop-cap{float:left;text-align:center;line-height:1;font-size:50px}.elementor-widget-text-editor .elementor-drop-cap-letter{display:inline-block}<\/style>\t\t\t\t<p>Conform\u00e9ment aux dispositions de l\u2019article 6 III-1 de la loi n\u00b0 2004-575 du 21 juin 2004 pour la confiance dans l\u2019\u00e9conomie num\u00e9rique, le pr\u00e9sent site est la propri\u00e9t\u00e9 de l\u2019universit\u00e9 de La R\u00e9union, \u00e9tablissement public \u00e0 caract\u00e8re scientifique, culturel et professionnel.<\/p>\t\t\t\t\t\t<\/div>\n\t\t\t\t<\/div>\n\t\t\t\t\t<\/div>\n\t\t<\/div>\n\t\t\t\t\t<\/div>\n\t\t<\/section>\n\t\t\t\t<section class=\"elementor-section elementor-top-section elementor-element elementor-element-848091f elementor-section-boxed elementor-section-height-default elementor-section-height-default\" data-id=\"848091f\" data-element_type=\"section\">\n\t\t\t\t\t\t<div class=\"elementor-container elementor-column-gap-default\">\n\t\t\t\t\t<div class=\"elementor-column elementor-col-100 elementor-top-column elementor-element elementor-element-7a2f6ec\" data-id=\"7a2f6ec\" data-element_type=\"column\">\n\t\t\t<div class=\"elementor-widget-wrap elementor-element-populated\">\n\t\t\t\t\t\t<div class=\"elementor-element elementor-element-7b1323f elementor-widget elementor-widget-heading\" data-id=\"7b1323f\" data-element_type=\"widget\" data-widget_type=\"heading.default\">\n\t\t\t\t<div class=\"elementor-widget-container\">\n\t\t\t<h2 class=\"elementor-heading-title elementor-size-default\">\u00c9diteur<\/h2>\t\t<\/div>\n\t\t\t\t<\/div>\n\t\t\t\t<div class=\"elementor-element elementor-element-934b6e5 elementor-widget elementor-widget-heading\" data-id=\"934b6e5\" data-element_type=\"widget\" data-widget_type=\"heading.default\">\n\t\t\t\t<div class=\"elementor-widget-container\">\n\t\t\t<h3 class=\"elementor-heading-title elementor-size-default\">Coordonn\u00e9es<\/h3>\t\t<\/div>\n\t\t\t\t<\/div>\n\t\t\t\t<div class=\"elementor-element elementor-element-8e8fdcc elementor-widget elementor-widget-text-editor\" data-id=\"8e8fdcc\" data-element_type=\"widget\" data-widget_type=\"text-editor.default\">\n\t\t\t\t<div class=\"elementor-widget-container\">\n\t\t\t\t\t\t\t<p><strong>Universit\u00e9 de La R\u00e9union<\/strong><\/p><p>15 avenue Ren\u00e9 Cassin\nCS 92003\n97744 Saint Denis Cedex 9<\/p>\t\t\t\t\t\t<\/div>\n\t\t\t\t<\/div>\n\t\t\t\t<div class=\"elementor-element elementor-element-df72615 elementor-widget elementor-widget-heading\" data-id=\"df72615\" data-element_type=\"widget\" data-widget_type=\"heading.default\">\n\t\t\t\t<div class=\"elementor-widget-container\">\n\t\t\t<h3 class=\"elementor-heading-title elementor-size-default\">Directeur de publication<\/h3>\t\t<\/div>\n\t\t\t\t<\/div>\n\t\t\t\t<div class=\"elementor-element elementor-element-81febc1 elementor-widget elementor-widget-text-editor\" data-id=\"81febc1\" data-element_type=\"widget\" data-widget_type=\"text-editor.default\">\n\t\t\t\t<div class=\"elementor-widget-container\">\n\t\t\t\t\t\t\t<p>Fr\u00e9d\u00e9ric Miranville \u2013 Pr\u00e9sident de l\u2019universit\u00e9 de La R\u00e9union<\/p>\t\t\t\t\t\t<\/div>\n\t\t\t\t<\/div>\n\t\t\t\t<div class=\"elementor-element elementor-element-b31e313 elementor-widget elementor-widget-heading\" data-id=\"b31e313\" data-element_type=\"widget\" data-widget_type=\"heading.default\">\n\t\t\t\t<div class=\"elementor-widget-container\">\n\t\t\t<h3 class=\"elementor-heading-title elementor-size-default\">Responsable de la r\u00e9daction<\/h3>\t\t<\/div>\n\t\t\t\t<\/div>\n\t\t\t\t<div class=\"elementor-element elementor-element-58cf6b8 elementor-widget elementor-widget-text-editor\" data-id=\"58cf6b8\" data-element_type=\"widget\" data-widget_type=\"text-editor.default\">\n\t\t\t\t<div class=\"elementor-widget-container\">\n\t\t\t\t\t\t\t<p>Laboratoire PIMENT \u2013 Universit\u00e9 de La R\u00e9union<\/p>\t\t\t\t\t\t<\/div>\n\t\t\t\t<\/div>\n\t\t\t\t\t<\/div>\n\t\t<\/div>\n\t\t\t\t\t<\/div>\n\t\t<\/section>\n\t\t\t\t<section class=\"elementor-section elementor-top-section elementor-element elementor-element-7c2cdf1 elementor-section-boxed elementor-section-height-default elementor-section-height-default\" data-id=\"7c2cdf1\" data-element_type=\"section\">\n\t\t\t\t\t\t<div class=\"elementor-container elementor-column-gap-default\">\n\t\t\t\t\t<div class=\"elementor-column elementor-col-100 elementor-top-column elementor-element elementor-element-31c9877\" data-id=\"31c9877\" data-element_type=\"column\">\n\t\t\t<div class=\"elementor-widget-wrap elementor-element-populated\">\n\t\t\t\t\t\t<div class=\"elementor-element elementor-element-7df4aa6 elementor-widget elementor-widget-heading\" data-id=\"7df4aa6\" data-element_type=\"widget\" data-widget_type=\"heading.default\">\n\t\t\t\t<div class=\"elementor-widget-container\">\n\t\t\t<h2 class=\"elementor-heading-title elementor-size-default\">Conception et r\u00e9alisation<\/h2>\t\t<\/div>\n\t\t\t\t<\/div>\n\t\t\t\t<div class=\"elementor-element elementor-element-7c7fb46 elementor-widget elementor-widget-heading\" data-id=\"7c7fb46\" data-element_type=\"widget\" data-widget_type=\"heading.default\">\n\t\t\t\t<div class=\"elementor-widget-container\">\n\t\t\t<h3 class=\"elementor-heading-title elementor-size-default\">Universit\u00e9 de La R\u00e9union<\/h3>\t\t<\/div>\n\t\t\t\t<\/div>\n\t\t\t\t<div class=\"elementor-element elementor-element-a941355 elementor-widget elementor-widget-text-editor\" data-id=\"a941355\" data-element_type=\"widget\" data-widget_type=\"text-editor.default\">\n\t\t\t\t<div class=\"elementor-widget-container\">\n\t\t\t\t\t\t\t<ul><li>Laboratoire PIMENT<\/li><\/ul>\t\t\t\t\t\t<\/div>\n\t\t\t\t<\/div>\n\t\t\t\t<div class=\"elementor-element elementor-element-b91c38d elementor-widget elementor-widget-heading\" data-id=\"b91c38d\" data-element_type=\"widget\" data-widget_type=\"heading.default\">\n\t\t\t\t<div class=\"elementor-widget-container\">\n\t\t\t<h3 class=\"elementor-heading-title elementor-size-default\">Prestataires<\/h3>\t\t<\/div>\n\t\t\t\t<\/div>\n\t\t\t\t<div class=\"elementor-element elementor-element-103d980 elementor-widget elementor-widget-text-editor\" data-id=\"103d980\" data-element_type=\"widget\" data-widget_type=\"text-editor.default\">\n\t\t\t\t<div class=\"elementor-widget-container\">\n\t\t\t\t\t\t\t<ul><li>Kreol Cloud<\/li><\/ul>\t\t\t\t\t\t<\/div>\n\t\t\t\t<\/div>\n\t\t\t\t\t<\/div>\n\t\t<\/div>\n\t\t\t\t\t<\/div>\n\t\t<\/section>\n\t\t\t\t<section class=\"elementor-section elementor-top-section elementor-element elementor-element-bc14d75 elementor-section-boxed elementor-section-height-default elementor-section-height-default\" data-id=\"bc14d75\" data-element_type=\"section\">\n\t\t\t\t\t\t<div class=\"elementor-container elementor-column-gap-default\">\n\t\t\t\t\t<div class=\"elementor-column elementor-col-100 elementor-top-column elementor-element elementor-element-61dbc12\" data-id=\"61dbc12\" data-element_type=\"column\">\n\t\t\t<div class=\"elementor-widget-wrap elementor-element-populated\">\n\t\t\t\t\t\t<div class=\"elementor-element elementor-element-1aaf640 elementor-widget elementor-widget-heading\" data-id=\"1aaf640\" data-element_type=\"widget\" data-widget_type=\"heading.default\">\n\t\t\t\t<div class=\"elementor-widget-container\">\n\t\t\t<h2 class=\"elementor-heading-title elementor-size-default\">H\u00e9bergement<\/h2>\t\t<\/div>\n\t\t\t\t<\/div>\n\t\t\t\t<div class=\"elementor-element elementor-element-bb65888 elementor-widget elementor-widget-text-editor\" data-id=\"bb65888\" data-element_type=\"widget\" data-widget_type=\"text-editor.default\">\n\t\t\t\t<div class=\"elementor-widget-container\">\n\t\t\t\t\t\t\t<p>Direction des Syst\u00e8mes d\u2019information (DSI) de l\u2019universit\u00e9 de La R\u00e9union<\/p>\t\t\t\t\t\t<\/div>\n\t\t\t\t<\/div>\n\t\t\t\t\t<\/div>\n\t\t<\/div>\n\t\t\t\t\t<\/div>\n\t\t<\/section>\n\t\t\t\t<section class=\"elementor-section elementor-top-section elementor-element elementor-element-416fb9e elementor-section-boxed elementor-section-height-default elementor-section-height-default\" data-id=\"416fb9e\" data-element_type=\"section\">\n\t\t\t\t\t\t<div class=\"elementor-container elementor-column-gap-default\">\n\t\t\t\t\t<div class=\"elementor-column elementor-col-100 elementor-top-column elementor-element elementor-element-8492c42\" data-id=\"8492c42\" data-element_type=\"column\">\n\t\t\t<div class=\"elementor-widget-wrap elementor-element-populated\">\n\t\t\t\t\t\t<div class=\"elementor-element elementor-element-ebfc9a8 elementor-widget elementor-widget-heading\" data-id=\"ebfc9a8\" data-element_type=\"widget\" data-widget_type=\"heading.default\">\n\t\t\t\t<div class=\"elementor-widget-container\">\n\t\t\t<h2 class=\"elementor-heading-title elementor-size-default\">Technologie<\/h2>\t\t<\/div>\n\t\t\t\t<\/div>\n\t\t\t\t<div class=\"elementor-element elementor-element-1d27593 elementor-widget elementor-widget-text-editor\" data-id=\"1d27593\" data-element_type=\"widget\" data-widget_type=\"text-editor.default\">\n\t\t\t\t<div class=\"elementor-widget-container\">\n\t\t\t\t\t\t\t<p>Syst\u00e8me de gestion de contenu WordPress<\/p>\t\t\t\t\t\t<\/div>\n\t\t\t\t<\/div>\n\t\t\t\t\t<\/div>\n\t\t<\/div>\n\t\t\t\t\t<\/div>\n\t\t<\/section>\n\t\t\t\t<section class=\"elementor-section elementor-top-section elementor-element elementor-element-ae1b7e5 elementor-section-boxed elementor-section-height-default elementor-section-height-default\" data-id=\"ae1b7e5\" data-element_type=\"section\">\n\t\t\t\t\t\t<div class=\"elementor-container elementor-column-gap-default\">\n\t\t\t\t\t<div class=\"elementor-column elementor-col-100 elementor-top-column elementor-element elementor-element-0184c99\" data-id=\"0184c99\" data-element_type=\"column\">\n\t\t\t<div class=\"elementor-widget-wrap elementor-element-populated\">\n\t\t\t\t\t\t<div class=\"elementor-element elementor-element-db40388 elementor-widget elementor-widget-heading\" data-id=\"db40388\" data-element_type=\"widget\" data-widget_type=\"heading.default\">\n\t\t\t\t<div class=\"elementor-widget-container\">\n\t\t\t<h2 class=\"elementor-heading-title elementor-size-default\">R\u00e8gles d\u2019utilisation<\/h2>\t\t<\/div>\n\t\t\t\t<\/div>\n\t\t\t\t<div class=\"elementor-element elementor-element-0b4038e elementor-widget elementor-widget-text-editor\" data-id=\"0b4038e\" data-element_type=\"widget\" data-widget_type=\"text-editor.default\">\n\t\t\t\t<div class=\"elementor-widget-container\">\n\t\t\t\t\t\t\t<p>Les informations pr\u00e9sent\u00e9es sur ce site ainsi que les liens vers d\u2019autres sites sont donn\u00e9es \u00e0 titre indicatif. \u00c0 l\u2019exception de l\u2019iconographie, la reproduction (\u00e0 but non lucratif) des pages de ce site est autoris\u00e9e \u00e0 la condition d\u2019y mentionner la source. En revanche, le contenu de ce site ne peut \u00eatre reproduit ou utilis\u00e9 \u00e0 des fins commerciales ou publicitaires.<\/p><p>Aucune page ne peut \u00eatre pr\u00e9sent\u00e9e comme provenant de ce site si des transformations qui en modifient le sens y ont \u00e9t\u00e9 apport\u00e9es.<\/p><p>Aucune autorisation n\u2019est requise pour placer un lien hypertexte vers notre site, sur la page d\u2019accueil ou une page int\u00e9rieure. Nous essayons, autant que faire se peut, de maintenir des adresses URL de page stables.<\/p><p>La pr\u00e9sence de liens hypertexte vers d\u2019autres sites web n\u2019engage pas l\u2019universit\u00e9 de La R\u00e9union quant au contenu de ces sites.<\/p><p>Conform\u00e9ment \u00e0 la loi fran\u00e7aise (article 27 de la loi num 78.17 du 06.01.78 relative \u00e0 l\u2019informatique, aux fichiers et aux libert\u00e9s) un droit d\u2019acc\u00e8s et de rectification des donn\u00e9es conserv\u00e9es est ouvert aupr\u00e8s de l' <strong>Universit\u00e9 de La R\u00e9union<\/strong> (adresse \u00e9diteur)<\/p>\t\t\t\t\t\t<\/div>\n\t\t\t\t<\/div>\n\t\t\t\t\t<\/div>\n\t\t<\/div>\n\t\t\t\t\t<\/div>\n\t\t<\/section>\n\t\t\t\t<section class=\"elementor-section elementor-top-section elementor-element elementor-element-63d6069 elementor-section-boxed elementor-section-height-default elementor-section-height-default\" data-id=\"63d6069\" data-element_type=\"section\">\n\t\t\t\t\t\t<div class=\"elementor-container elementor-column-gap-default\">\n\t\t\t\t\t<div class=\"elementor-column elementor-col-100 elementor-top-column elementor-element elementor-element-16d5b8a\" data-id=\"16d5b8a\" data-element_type=\"column\">\n\t\t\t<div class=\"elementor-widget-wrap elementor-element-populated\">\n\t\t\t\t\t\t<div class=\"elementor-element elementor-element-ef17c93 elementor-widget elementor-widget-heading\" data-id=\"ef17c93\" data-element_type=\"widget\" data-widget_type=\"heading.default\">\n\t\t\t\t<div class=\"elementor-widget-container\">\n\t\t\t<h2 class=\"elementor-heading-title elementor-size-default\">Cr\u00e9dits<\/h2>\t\t<\/div>\n\t\t\t\t<\/div>\n\t\t\t\t<div class=\"elementor-element elementor-element-364bcd9 elementor-widget elementor-widget-heading\" data-id=\"364bcd9\" data-element_type=\"widget\" data-widget_type=\"heading.default\">\n\t\t\t\t<div class=\"elementor-widget-container\">\n\t\t\t<h3 class=\"elementor-heading-title elementor-size-default\">Photographies et illustrations<\/h3>\t\t<\/div>\n\t\t\t\t<\/div>\n\t\t\t\t<div class=\"elementor-element elementor-element-bab19ec elementor-widget elementor-widget-text-editor\" data-id=\"bab19ec\" data-element_type=\"widget\" data-widget_type=\"text-editor.default\">\n\t\t\t\t<div class=\"elementor-widget-container\">\n\t\t\t\t\t\t\t<ul><li>Universit\u00e9 de La R\u00e9union<\/li><\/ul><p>Les copyrights sont affich\u00e9s sur chaque image.<\/p>\t\t\t\t\t\t<\/div>\n\t\t\t\t<\/div>\n\t\t\t\t<div class=\"elementor-element elementor-element-814a121 elementor-widget elementor-widget-heading\" data-id=\"814a121\" data-element_type=\"widget\" data-widget_type=\"heading.default\">\n\t\t\t\t<div class=\"elementor-widget-container\">\n\t\t\t<h3 class=\"elementor-heading-title elementor-size-default\">Co-financeurs connectivit\u00e9 r\u00e9seau<\/h3>\t\t<\/div>\n\t\t\t\t<\/div>\n\t\t\t\t<div class=\"elementor-element elementor-element-718cdf7 elementor-widget elementor-widget-image\" data-id=\"718cdf7\" data-element_type=\"widget\" data-widget_type=\"image.default\">\n\t\t\t\t<div class=\"elementor-widget-container\">\n\t\t\t<style>\/*! elementor - v3.19.0 - 07-02-2024 *\/\n.elementor-widget-image{text-align:center}.elementor-widget-image a{display:inline-block}.elementor-widget-image a img[src$=\".svg\"]{width:48px}.elementor-widget-image img{vertical-align:middle;display:inline-block}<\/style>\t\t\t\t\t\t\t\t\t\t<img decoding=\"async\" src=\"https:\/\/twinsolar.eu\/wp-content\/uploads\/elementor\/thumbs\/republic-q7lx2h4s821358vvb1u5bb5ojxry6wyuzmyejq44fc.jpg\" title=\"republic\" alt=\"flag_republic_europeen\" loading=\"lazy\" \/>\t\t\t\t\t\t\t\t\t\t\t\t\t<\/div>\n\t\t\t\t<\/div>\n\t\t\t\t<div class=\"elementor-element elementor-element-5145e2d elementor-widget elementor-widget-text-editor\" data-id=\"5145e2d\" data-element_type=\"widget\" data-widget_type=\"text-editor.default\">\n\t\t\t\t<div class=\"elementor-widget-container\">\n\t\t\t\t\t\t\t<p>La fourniture de connectivit\u00e9 r\u00e9seau est co-financ\u00e9e par l\u2019Union Europ\u00e9enne. L\u2019Europe s\u2019engage \u00e0 La R\u00e9union avec le FEDER (Fonds Europ\u00e9ens de D\u00e9veloppement R\u00e9gional)<\/p>\t\t\t\t\t\t<\/div>\n\t\t\t\t<\/div>\n\t\t\t\t\t<\/div>\n\t\t<\/div>\n\t\t\t\t\t<\/div>\n\t\t<\/section>\n\t\t\t\t<\/div>","protected":false},"excerpt":{"rendered":"<p>LEGAL NOTICE In accordance with the provisions of Article 6 III-1 of Law No. 2004-575 of 21 June 2004 on confidence in the digital economy, this site is the property [&hellip;]<\/p>","protected":false},"author":12,"featured_media":0,"parent":0,"menu_order":0,"comment_status":"closed","ping_status":"closed","template":"","meta":{"_tec_requires_first_save":true,"om_disable_all_campaigns":false,"_monsterinsights_skip_tracking":false,"_monsterinsights_sitenote_active":false,"_monsterinsights_sitenote_note":"","_monsterinsights_sitenote_category":0,"_uf_show_specific_survey":0,"_uf_disable_surveys":false,"_EventAllDay":false,"_EventTimezone":"","_EventStartDate":"","_EventEndDate":"","_EventStartDateUTC":"","_EventEndDateUTC":"","_EventShowMap":false,"_EventShowMapLink":false,"_EventURL":"","_EventCost":"","_EventCostDescription":"","_EventCurrencySymbol":"","_EventCurrencyCode":"","_EventCurrencyPosition":"","_EventDateTimeSeparator":"","_EventTimeRangeSeparator":"","_EventOrganizerID":[],"_EventVenueID":[],"_OrganizerEmail":"","_OrganizerPhone":"","_OrganizerWebsite":"","_VenueAddress":"","_VenueCity":"","_VenueCountry":"","_VenueProvince":"","_VenueState":"","_VenueZip":"","_VenuePhone":"","_VenueURL":"","_VenueStateProvince":"","_VenueLat":"","_VenueLng":"","_VenueShowMap":false,"_VenueShowMapLink":false,"_tribe_blocks_recurrence_rules":"","_tribe_blocks_recurrence_description":"","_tribe_blocks_recurrence_exclusions":""},"aioseo_notices":[],"yoast_head":"<!-- This site is optimized with the Yoast SEO plugin v21.5 - https:\/\/yoast.com\/wordpress\/plugins\/seo\/ -->\n<title>Mention l\u00e9gale - Twinsolar<\/title>\n<meta name=\"robots\" content=\"index, follow, max-snippet:-1, max-image-preview:large, max-video-preview:-1\" \/>\n<link rel=\"canonical\" href=\"https:\/\/twinsolar.eu\/fr\/mention-legale\/\" \/>\n<meta property=\"og:locale\" content=\"fr_FR\" \/>\n<meta property=\"og:type\" content=\"article\" \/>\n<meta property=\"og:title\" content=\"Mention l\u00e9gale - Twinsolar\" \/>\n<meta property=\"og:description\" content=\"LEGAL NOTICE In accordance with the provisions of Article 6 III-1 of Law No. 2004-575 of 21 June 2004 on confidence in the digital economy, this site is the property [&hellip;]\" \/>\n<meta property=\"og:url\" content=\"https:\/\/twinsolar.eu\/fr\/mention-legale\/\" \/>\n<meta property=\"og:site_name\" content=\"Twinsolar\" \/>\n<meta property=\"article:modified_time\" content=\"2023-06-07T10:36:57+00:00\" \/>\n<meta property=\"og:image\" content=\"https:\/\/twinsolar.eu\/wp-content\/uploads\/elementor\/thumbs\/republic-q7lx2h4s821358vvb1u5bb5ojxry6wyuzmyejq44fc.jpg\" \/>\n<meta name=\"twitter:card\" content=\"summary_large_image\" \/>\n<meta name=\"twitter:site\" content=\"@TwInSolar_HE\" \/>\n<script type=\"application\/ld+json\" class=\"yoast-schema-graph\">{\"@context\":\"https:\/\/schema.org\",\"@graph\":[{\"@type\":\"WebPage\",\"@id\":\"https:\/\/twinsolar.eu\/en\/mention-legale\/\",\"url\":\"https:\/\/twinsolar.eu\/en\/mention-legale\/\",\"name\":\"Mention l\u00e9gale - Twinsolar\",\"isPartOf\":{\"@id\":\"https:\/\/twinsolar.eu\/fr\/#website\"},\"datePublished\":\"2023-06-06T12:38:21+00:00\",\"dateModified\":\"2023-06-07T10:36:57+00:00\",\"breadcrumb\":{\"@id\":\"https:\/\/twinsolar.eu\/en\/mention-legale\/#breadcrumb\"},\"inLanguage\":\"fr-FR\",\"potentialAction\":[{\"@type\":\"ReadAction\",\"target\":[\"https:\/\/twinsolar.eu\/en\/mention-legale\/\"]}]},{\"@type\":\"BreadcrumbList\",\"@id\":\"https:\/\/twinsolar.eu\/en\/mention-legale\/#breadcrumb\",\"itemListElement\":[{\"@type\":\"ListItem\",\"position\":1,\"name\":\"Accueil\",\"item\":\"https:\/\/twinsolar.eu\/en\/\"},{\"@type\":\"ListItem\",\"position\":2,\"name\":\"Mention l\u00e9gale\"}]},{\"@type\":\"WebSite\",\"@id\":\"https:\/\/twinsolar.eu\/fr\/#website\",\"url\":\"https:\/\/twinsolar.eu\/fr\/\",\"name\":\"Twinsolar\",\"description\":\"\",\"publisher\":{\"@id\":\"https:\/\/twinsolar.eu\/fr\/#organization\"},\"potentialAction\":[{\"@type\":\"SearchAction\",\"target\":{\"@type\":\"EntryPoint\",\"urlTemplate\":\"https:\/\/twinsolar.eu\/fr\/?s={search_term_string}\"},\"query-input\":\"required name=search_term_string\"}],\"inLanguage\":\"fr-FR\"},{\"@type\":\"Organization\",\"@id\":\"https:\/\/twinsolar.eu\/fr\/#organization\",\"name\":\"Twinsolar\",\"url\":\"https:\/\/twinsolar.eu\/fr\/\",\"logo\":{\"@type\":\"ImageObject\",\"inLanguage\":\"fr-FR\",\"@id\":\"https:\/\/twinsolar.eu\/fr\/#\/schema\/logo\/image\/\",\"url\":\"https:\/\/twinsolar.eu\/wp-content\/uploads\/2023\/05\/cropped-Favicon-twinsolar.png\",\"contentUrl\":\"https:\/\/twinsolar.eu\/wp-content\/uploads\/2023\/05\/cropped-Favicon-twinsolar.png\",\"width\":512,\"height\":512,\"caption\":\"Twinsolar\"},\"image\":{\"@id\":\"https:\/\/twinsolar.eu\/fr\/#\/schema\/logo\/image\/\"},\"sameAs\":[\"https:\/\/twitter.com\/TwInSolar_HE\"]}]}<\/script>\n<!-- \/ Yoast SEO plugin. -->","yoast_head_json":{"title":"Mention l\u00e9gale - Twinsolar","robots":{"index":"index","follow":"follow","max-snippet":"max-snippet:-1","max-image-preview":"max-image-preview:large","max-video-preview":"max-video-preview:-1"},"canonical":"https:\/\/twinsolar.eu\/fr\/mention-legale\/","og_locale":"fr_FR","og_type":"article","og_title":"Mention l\u00e9gale - Twinsolar","og_description":"LEGAL NOTICE In accordance with the provisions of Article 6 III-1 of Law No. 2004-575 of 21 June 2004 on confidence in the digital economy, this site is the property [&hellip;]","og_url":"https:\/\/twinsolar.eu\/fr\/mention-legale\/","og_site_name":"Twinsolar","article_modified_time":"2023-06-07T10:36:57+00:00","og_image":[{"url":"https:\/\/twinsolar.eu\/wp-content\/uploads\/elementor\/thumbs\/republic-q7lx2h4s821358vvb1u5bb5ojxry6wyuzmyejq44fc.jpg"}],"twitter_card":"summary_large_image","twitter_site":"@TwInSolar_HE","schema":{"@context":"https:\/\/schema.org","@graph":[{"@type":"WebPage","@id":"https:\/\/twinsolar.eu\/en\/mention-legale\/","url":"https:\/\/twinsolar.eu\/en\/mention-legale\/","name":"Mention l\u00e9gale - Twinsolar","isPartOf":{"@id":"https:\/\/twinsolar.eu\/fr\/#website"},"datePublished":"2023-06-06T12:38:21+00:00","dateModified":"2023-06-07T10:36:57+00:00","breadcrumb":{"@id":"https:\/\/twinsolar.eu\/en\/mention-legale\/#breadcrumb"},"inLanguage":"fr-FR","potentialAction":[{"@type":"ReadAction","target":["https:\/\/twinsolar.eu\/en\/mention-legale\/"]}]},{"@type":"BreadcrumbList","@id":"https:\/\/twinsolar.eu\/en\/mention-legale\/#breadcrumb","itemListElement":[{"@type":"ListItem","position":1,"name":"Accueil","item":"https:\/\/twinsolar.eu\/en\/"},{"@type":"ListItem","position":2,"name":"Mention l\u00e9gale"}]},{"@type":"WebSite","@id":"https:\/\/twinsolar.eu\/fr\/#website","url":"https:\/\/twinsolar.eu\/fr\/","name":"Twinsolar","description":"","publisher":{"@id":"https:\/\/twinsolar.eu\/fr\/#organization"},"potentialAction":[{"@type":"SearchAction","target":{"@type":"EntryPoint","urlTemplate":"https:\/\/twinsolar.eu\/fr\/?s={search_term_string}"},"query-input":"required name=search_term_string"}],"inLanguage":"fr-FR"},{"@type":"Organization","@id":"https:\/\/twinsolar.eu\/fr\/#organization","name":"Twinsolar","url":"https:\/\/twinsolar.eu\/fr\/","logo":{"@type":"ImageObject","inLanguage":"fr-FR","@id":"https:\/\/twinsolar.eu\/fr\/#\/schema\/logo\/image\/","url":"https:\/\/twinsolar.eu\/wp-content\/uploads\/2023\/05\/cropped-Favicon-twinsolar.png","contentUrl":"https:\/\/twinsolar.eu\/wp-content\/uploads\/2023\/05\/cropped-Favicon-twinsolar.png","width":512,"height":512,"caption":"Twinsolar"},"image":{"@id":"https:\/\/twinsolar.eu\/fr\/#\/schema\/logo\/image\/"},"sameAs":["https:\/\/twitter.com\/TwInSolar_HE"]}]}},"_links":{"self":[{"href":"https:\/\/twinsolar.eu\/fr\/wp-json\/wp\/v2\/pages\/842"}],"collection":[{"href":"https:\/\/twinsolar.eu\/fr\/wp-json\/wp\/v2\/pages"}],"about":[{"href":"https:\/\/twinsolar.eu\/fr\/wp-json\/wp\/v2\/types\/page"}],"author":[{"embeddable":true,"href":"https:\/\/twinsolar.eu\/fr\/wp-json\/wp\/v2\/users\/12"}],"replies":[{"embeddable":true,"href":"https:\/\/twinsolar.eu\/fr\/wp-json\/wp\/v2\/comments?post=842"}],"version-history":[{"count":16,"href":"https:\/\/twinsolar.eu\/fr\/wp-json\/wp\/v2\/pages\/842\/revisions"}],"predecessor-version":[{"id":860,"href":"https:\/\/twinsolar.eu\/fr\/wp-json\/wp\/v2\/pages\/842\/revisions\/860"}],"wp:attachment":[{"href":"https:\/\/twinsolar.eu\/fr\/wp-json\/wp\/v2\/media?parent=842"}],"curies":[{"name":"wp","href":"https:\/\/api.w.org\/{rel}","templated":true}]}}